{"id":1066,"date":"2025-03-11T11:54:00","date_gmt":"2025-03-11T14:54:00","guid":{"rendered":"https:\/\/uegp22-cha.infd.edu.ar\/sitio\/?page_id=1066"},"modified":"2025-04-14T22:00:01","modified_gmt":"2025-04-15T01:00:01","slug":"carreras-2021","status":"publish","type":"page","link":"https:\/\/uegp22-cha.infd.edu.ar\/sitio\/carreras-2021\/","title":{"rendered":"CARRERAS 2025"},"content":{"rendered":"<h1 style=\"text-align: center;\"><span style=\"color: #ff0000;\"><strong>CURSADO 2025<\/strong><\/span><\/h1>\n<h4 style=\"text-align: center;\">LAS CARRERAS QUE SE MENCIONAN, HAN SIDO APROBADAS PARA SU INSCRIPCION EN EL NIVEL SUPERIOR DE LA<br \/>\nU.E.G.P. N\u00ba22 \u00abNtra. Sra. de F\u00e1tima\u00bb.<br \/>\nLas Carreras en vista a Iniciar Son:<\/h4>\n<ol>\n<li>\n<h5>PROFESORADO DE EDUCACION SUPERIOR EN CIENCIAS DE LA EDUCACION -5 A\u00d1OS-<br \/>\nPara mayor informaci\u00f3n, click en\u00a0\u21d2\u00a0\u00a0Plan de Estudios Prof. de Educ. Superior en Cs. de la Educaci\u00f3n<\/h5>\n<\/li>\n<li>\n<h5>PROFESORADO DE EDUCACION INICIAL -4 A\u00d1OS-<br \/>\nPara mayor Informaci\u00f3n, Click en \u21d2<\/h5>\n<\/li>\n<li>\n<div>\n<h5><strong>Profesorado de Educaci\u00f3n Superior en Educaci\u00f3n Especial con orientacion en Sordos e Hipoac\u00fasicos &#8211; 5 A\u00d1OS &#8211;\u00a0<\/strong><\/h5>\n<\/div>\n<\/li>\n<\/ol>\n<h1>INTERSADOS AL CICLO 2025, Deber\u00e1n completar el siguiente \u21d2 <a href=\"https:\/\/docs.google.com\/forms\/d\/1SPuL-zXvNwEw7v0rPed0q9Ox1N6xW4WFAmTJHoZB8TY\/viewform?edit_requested=true\">FORMULARIO INSCRIPCION 2025<\/a><\/h1>\n<h3><span style=\"color: #ff9900;\"><span style=\"color: #ff6600;\">LA DOCUMENTACION PARA EL LEGAJO, SERA SOLICITADA OPORTUNAMENTE.<\/span>\u00a0<\/span><\/h3>\n<h5>POR DUDAS Y CONSULTAS:<br \/>\nAc\u00e9rcate al Instituto de lunes a viernes, en los horarios de 18:00 a 22:00<br \/>\no bien cont\u00e1ctanos al mail \u21d2 <span style=\"color: #0000ff;\">infofatimanivelsuperior@gmail.com<\/span><\/h5>\n","protected":false},"excerpt":{"rendered":"<p>CURSADO 2025 LAS CARRERAS QUE SE MENCIONAN, HAN SIDO APROBADAS PARA SU INSCRIPCION EN EL NIVEL SUPERIOR DE LA U.E.G.P. N\u00ba22 \u00abNtra. Sra. de F\u00e1tima\u00bb. Las Carreras en vista a Iniciar Son: PROFESORADO DE EDUCACION SUPERIOR EN CIENCIAS DE LA EDUCACION -5 A\u00d1OS- Para mayor informaci\u00f3n, click en\u00a0\u21d2\u00a0\u00a0Plan de Estudios Prof. de Educ. Superior en &#8230; <a title=\"CARRERAS 2025\" class=\"read-more\" href=\"https:\/\/uegp22-cha.infd.edu.ar\/sitio\/carreras-2021\/\" aria-label=\"More on CARRERAS 2025\">[+]<\/a><\/p>\n","protected":false},"author":11,"featured_media":0,"parent":0,"menu_order":0,"comment_status":"closed","ping_status":"closed","template":"","meta":[],"acf":[],"_links":{"self":[{"href":"https:\/\/uegp22-cha.infd.edu.ar\/sitio\/wp-json\/wp\/v2\/pages\/1066"}],"collection":[{"href":"https:\/\/uegp22-cha.infd.edu.ar\/sitio\/wp-json\/wp\/v2\/pages"}],"about":[{"href":"https:\/\/uegp22-cha.infd.edu.ar\/sitio\/wp-json\/wp\/v2\/types\/page"}],"author":[{"embeddable":true,"href":"https:\/\/uegp22-cha.infd.edu.ar\/sitio\/wp-json\/wp\/v2\/users\/11"}],"replies":[{"embeddable":true,"href":"https:\/\/uegp22-cha.infd.edu.ar\/sitio\/wp-json\/wp\/v2\/comments?post=1066"}],"version-history":[{"count":16,"href":"https:\/\/uegp22-cha.infd.edu.ar\/sitio\/wp-json\/wp\/v2\/pages\/1066\/revisions"}],"predecessor-version":[{"id":1619,"href":"https:\/\/uegp22-cha.infd.edu.ar\/sitio\/wp-json\/wp\/v2\/pages\/1066\/revisions\/1619"}],"wp:attachment":[{"href":"https:\/\/uegp22-cha.infd.edu.ar\/sitio\/wp-json\/wp\/v2\/media?parent=1066"}],"curies":[{"name":"wp","href":"https:\/\/api.w.org\/{rel}","templated":true}]}}