{"id":1128,"date":"2021-04-27T11:41:40","date_gmt":"2021-04-27T14:41:40","guid":{"rendered":"https:\/\/uegp22-cha.infd.edu.ar\/sitio\/?page_id=1128"},"modified":"2021-09-17T11:49:10","modified_gmt":"2021-09-17T14:49:10","slug":"mesas-marzo-2021","status":"publish","type":"page","link":"https:\/\/uegp22-cha.infd.edu.ar\/sitio\/mesas-marzo-2021\/","title":{"rendered":"Mesas Marzo 2021"},"content":{"rendered":"<ol>\n<li>Los llamados <strong>correspondientes al Periodo Marzo 2021<\/strong>&nbsp;se tomar\u00e1n de manera Presencial\/Virtual en el mes de Mayo, desde el <strong><em>Mi\u00e9rcoles 05 <\/em><\/strong><strong><em>al Viernes 28 de Mayo<\/em><\/strong>, con suspensi\u00f3n de Actividades Sincr\u00f3nicas\/Clases Presenciales, y habilitaci\u00f3n de material o bibliograf\u00eda ampliatoria <strong>-Salvo casos exceptuados-.<\/strong><\/li>\n<li>Habilitaci\u00f3n de formularios de inscripci\u00f3n a examen final habilitado <strong>hasta el Lunes 03 de Mayo a las 23:50hs. Sin excepci\u00f3n.<\/strong><\/li>\n<li>En el caso de las que se tomar\u00e1n de manera virtual, deber\u00e1n enviar su conformidad a las condiciones de examen establecidas para dicha modalidad. (Ver imagen al final)<\/li>\n<li>\n<h5>Acceso a Formulario de Inscripci\u00f3n en el siguiente enlace:<\/h5>\n<h5>\u21d2&nbsp;<a href=\"https:\/\/forms.gle\/HmEoYif9eAhrauAW9\">https:\/\/forms.gle\/HmEoYif9eAhrauAW9<\/a><\/h5>\n<\/li>\n<li>\n<h5>Cronograma de Mesas en el siguiente enlace:<\/h5>\n<\/li>\n<\/ol>\n<h5>&nbsp; &nbsp; &nbsp; &nbsp; &nbsp; &nbsp;\u21d2 <a href=\"https:\/\/drive.google.com\/file\/d\/1YD1VnHk0D1Ppd7Ox_eMZrEFea-bVAU79\/view\" target=\"_blank\" rel=\"noopener\">Cronogramas de Mesas &#8211; Marzo 2021<\/a><\/h5>\n<ul>\n<li>Recordar a todos los estudiantes que, para acceder a la instancia deben contar con sus respectivos libres de Deuda, sin excepci\u00f3n.<\/li>\n<\/ul>\n<h5>Con el objeto de establecer un mejor circuito de comunicaci\u00f3n, se les recuerda que, se encuentra habilitado el mail de bedel\u00eda para consultas y dudas&nbsp;<a href=\"mailto:infofatimanivelsuperior@gmail.com\">infofatimanivelsuperior@gmail.com<\/a><\/h5>\n<p><img decoding=\"async\" loading=\"lazy\" class=\"aligncenter size-full wp-image-1139\" src=\"https:\/\/uegp22-cha.infd.edu.ar\/sitio\/wp-content\/uploads\/2021\/04\/Condiciones-para-ex\u00e1menes-virtuales_001.png\" alt=\"\" width=\"595\" height=\"842\"><\/p>\n","protected":false},"excerpt":{"rendered":"<p>Los llamados correspondientes al Periodo Marzo 2021&nbsp;se tomar\u00e1n de manera Presencial\/Virtual en el mes de Mayo, desde el Mi\u00e9rcoles 05 al Viernes 28 de Mayo, con suspensi\u00f3n de Actividades Sincr\u00f3nicas\/Clases Presenciales, y habilitaci\u00f3n de material o bibliograf\u00eda ampliatoria -Salvo casos exceptuados-. Habilitaci\u00f3n de formularios de inscripci\u00f3n a examen final habilitado hasta el Lunes 03 de &#8230; <a title=\"Mesas Marzo 2021\" class=\"read-more\" href=\"https:\/\/uegp22-cha.infd.edu.ar\/sitio\/mesas-marzo-2021\/\" aria-label=\"More on Mesas Marzo 2021\">[+]<\/a><\/p>\n","protected":false},"author":29,"featured_media":0,"parent":0,"menu_order":0,"comment_status":"closed","ping_status":"closed","template":"","meta":[],"acf":[],"_links":{"self":[{"href":"https:\/\/uegp22-cha.infd.edu.ar\/sitio\/wp-json\/wp\/v2\/pages\/1128"}],"collection":[{"href":"https:\/\/uegp22-cha.infd.edu.ar\/sitio\/wp-json\/wp\/v2\/pages"}],"about":[{"href":"https:\/\/uegp22-cha.infd.edu.ar\/sitio\/wp-json\/wp\/v2\/types\/page"}],"author":[{"embeddable":true,"href":"https:\/\/uegp22-cha.infd.edu.ar\/sitio\/wp-json\/wp\/v2\/users\/29"}],"replies":[{"embeddable":true,"href":"https:\/\/uegp22-cha.infd.edu.ar\/sitio\/wp-json\/wp\/v2\/comments?post=1128"}],"version-history":[{"count":6,"href":"https:\/\/uegp22-cha.infd.edu.ar\/sitio\/wp-json\/wp\/v2\/pages\/1128\/revisions"}],"predecessor-version":[{"id":1196,"href":"https:\/\/uegp22-cha.infd.edu.ar\/sitio\/wp-json\/wp\/v2\/pages\/1128\/revisions\/1196"}],"wp:attachment":[{"href":"https:\/\/uegp22-cha.infd.edu.ar\/sitio\/wp-json\/wp\/v2\/media?parent=1128"}],"curies":[{"name":"wp","href":"https:\/\/api.w.org\/{rel}","templated":true}]}}