{"id":1154,"date":"2021-05-07T12:53:11","date_gmt":"2021-05-07T15:53:11","guid":{"rendered":"https:\/\/uegp22-cha.infd.edu.ar\/sitio\/?page_id=1154"},"modified":"2026-02-23T18:59:57","modified_gmt":"2026-02-23T21:59:57","slug":"solicitud-de-documentacion","status":"publish","type":"page","link":"https:\/\/uegp22-cha.infd.edu.ar\/sitio\/solicitud-de-documentacion\/","title":{"rendered":"Solicitudes y Formularios"},"content":{"rendered":"<p>Estimados estudiantes, para facilitar los tr\u00e1mites administrativos, se anexa a continuaci\u00f3n distintos formularios donde podr\u00e1n requerir la documentaci\u00f3n que crean necesarias.<\/p>\n<p><strong>\u00a0La extensi\u00f3n de las certificaciones est\u00e1 condicionada a la verificaci\u00f3n del cumplimiento de los requisitos de la documentaci\u00f3n solicitada. El tr\u00e1mite est\u00e1 sujeto a los tiempos establecidos en el C\u00f3digo de Procedimiento Administrativo.<\/strong><\/p>\n<p style=\"text-align: center;\">Para acceder a los formularios y documentos hac\u00e9 click en el bot\u00f3n correspondiente<\/p>\n\n\n<div class=\"wp-block-buttons alignfull is-content-justification-center is-layout-flex wp-container-1\">\n<div class=\"wp-block-button is-style-fill\"><a class=\"wp-block-button__link wp-element-button\" href=\"https:\/\/docs.google.com\/forms\/d\/e\/1FAIpQLSe0cO7brRRi8wV308-JMb1q7FUJ7tmvJi1eMF7hBETT6nUgOQ\/viewform\" target=\"_blank\" rel=\"noreferrer noopener\">SOLICITUD DE CONSTANCIA DE ALUMNO REGULAR<\/a><\/div>\n\n\n\n<div class=\"wp-block-button is-style-fill\"><a class=\"wp-block-button__link wp-element-button\" href=\"https:\/\/docs.google.com\/forms\/d\/e\/1FAIpQLSfQHGjDJ2D7CKCqppJoZM47WJ_qDDBgt5H-XCg0vSEgMum6kA\/viewform\" target=\"_blank\" rel=\"noreferrer noopener\"> SOLICITUD DE EQUIVALENCIAS<\/a><\/div>\n\n\n\n<div class=\"wp-block-button is-style-fill\"><a class=\"wp-block-button__link wp-element-button\" href=\"https:\/\/docs.google.com\/forms\/d\/e\/1FAIpQLScVlB_C3WBZ6SnRX_zwN6hrJngp8QQbxZm_azkXAYCbXKUFIQ\/viewform\" target=\"_blank\" rel=\"noreferrer noopener\">SOLICITUD DE PROGRAMAS<\/a><\/div>\n\n\n\n<div class=\"wp-block-button is-style-fill\"><a class=\"wp-block-button__link wp-element-button\" href=\"https:\/\/docs.google.com\/forms\/d\/e\/1FAIpQLScznQg0eMYyxoEUxt3dHs1ihddJnHcOXtiaEldq-eOaKl4hLg\/viewform\" target=\"_blank\" rel=\"noreferrer noopener\">SOLICITUD DE ANAL\u00cdTICOS<\/a><\/div>\n\n\n\n<div class=\"wp-block-button is-style-fill\"><a class=\"wp-block-button__link wp-element-button\" href=\"https:\/\/docs.google.com\/forms\/d\/e\/1FAIpQLSfKaVrbX0SzGxw8hoFLTOVd45v4oQMZXW5LukIOQNzdzGRApg\/viewform\" target=\"_blank\" rel=\"noreferrer noopener\">SOLICITUD DE PRORROGAS A EX\u00c1MENES<\/a><\/div>\n\n\n\n<div class=\"wp-block-button is-style-fill\"><a class=\"wp-block-button__link wp-element-button\" href=\"https:\/\/docs.google.com\/forms\/d\/e\/1FAIpQLSfhtWvXAwgxIF69rrC4wky1HMCyy28jw4GVdkalN-OQG3eRfQ\/viewform\" target=\"_blank\" rel=\"noreferrer noopener\">SOLICITUD DE JUSTIFICACI\u00d3N DE INASISTENCIA<\/a><\/div>\n\n\n\n<div class=\"wp-block-button is-style-fill\"><a class=\"wp-block-button__link wp-element-button\" href=\"https:\/\/uegp22-cha.infd.edu.ar\/sitio\/wp-content\/uploads\/2021\/04\/FICHA-M\u00c9DICA.pdf\">FICHA M\u00c9DICA<\/a><\/div>\n<\/div>\n\n\n\n<p class=\"has-text-align-center\">En caso de necesitar alguna informaci\u00f3n adicional, por favor comunicarse con esta cuenta de correo electr\u00f3nico:<\/p>\n\n\n\n<p class=\"has-text-align-center\"><a href=\"mailto:infofatimanivelsuperior@gmail.com\">infofatimanivelsuperior@gmail.com<\/a><\/p>\n\n\n\n<p class=\"has-text-align-center\">Saludos.<\/p>\n\n\n\n<p>U.E.G.P. N\u00b022 \u201cNuestra Se\u00f1ora de F\u00e1tima\u201d \u2013 Instituto de Educaci\u00f3n Superior.<\/p>\n\n\n\n<p>Quitilipi-Chaco.<\/p>\n","protected":false},"excerpt":{"rendered":"<p>Estimados estudiantes, para facilitar los tr\u00e1mites administrativos, se anexa a continuaci\u00f3n distintos formularios donde podr\u00e1n requerir la documentaci\u00f3n que crean necesarias. \u00a0La extensi\u00f3n de las certificaciones est\u00e1 condicionada a la verificaci\u00f3n del cumplimiento de los requisitos de la documentaci\u00f3n solicitada. El tr\u00e1mite est\u00e1 sujeto a los tiempos establecidos en el C\u00f3digo de Procedimiento Administrativo. Para &#8230; <a title=\"Solicitudes y Formularios\" class=\"read-more\" href=\"https:\/\/uegp22-cha.infd.edu.ar\/sitio\/solicitud-de-documentacion\/\" aria-label=\"More on Solicitudes y Formularios\">[+]<\/a><\/p>\n","protected":false},"author":29,"featured_media":0,"parent":0,"menu_order":0,"comment_status":"closed","ping_status":"closed","template":"","meta":[],"acf":[],"_links":{"self":[{"href":"https:\/\/uegp22-cha.infd.edu.ar\/sitio\/wp-json\/wp\/v2\/pages\/1154"}],"collection":[{"href":"https:\/\/uegp22-cha.infd.edu.ar\/sitio\/wp-json\/wp\/v2\/pages"}],"about":[{"href":"https:\/\/uegp22-cha.infd.edu.ar\/sitio\/wp-json\/wp\/v2\/types\/page"}],"author":[{"embeddable":true,"href":"https:\/\/uegp22-cha.infd.edu.ar\/sitio\/wp-json\/wp\/v2\/users\/29"}],"replies":[{"embeddable":true,"href":"https:\/\/uegp22-cha.infd.edu.ar\/sitio\/wp-json\/wp\/v2\/comments?post=1154"}],"version-history":[{"count":11,"href":"https:\/\/uegp22-cha.infd.edu.ar\/sitio\/wp-json\/wp\/v2\/pages\/1154\/revisions"}],"predecessor-version":[{"id":1763,"href":"https:\/\/uegp22-cha.infd.edu.ar\/sitio\/wp-json\/wp\/v2\/pages\/1154\/revisions\/1763"}],"wp:attachment":[{"href":"https:\/\/uegp22-cha.infd.edu.ar\/sitio\/wp-json\/wp\/v2\/media?parent=1154"}],"curies":[{"name":"wp","href":"https:\/\/api.w.org\/{rel}","templated":true}]}}