{"id":1191,"date":"2021-09-17T11:47:33","date_gmt":"2021-09-17T14:47:33","guid":{"rendered":"https:\/\/uegp22-cha.infd.edu.ar\/sitio\/?page_id=1191"},"modified":"2021-09-17T11:50:04","modified_gmt":"2021-09-17T14:50:04","slug":"mesas-agosto-2021","status":"publish","type":"page","link":"https:\/\/uegp22-cha.infd.edu.ar\/sitio\/mesas-agosto-2021\/","title":{"rendered":"Mesas Agosto 2021"},"content":{"rendered":"\n<p>Estimados estudiantes, en esta oportunidad les compartimos las novedades sobre las Mesas Correspondientes a Agosto 2021:<\/p>\n\n\n\n<ol><li>&nbsp;Los llamados correspondientes a Agosto 2021 se tomar\u00e1n de manera&nbsp;<strong>Presencial&nbsp;<\/strong>en el mes de Septiembre,&nbsp;<strong>desde el 22\/09 hasta el 07\/10.<\/strong><\/li><li>Habilitaci\u00f3n de formularios de inscripci\u00f3n a ex\u00e1menes finales habilitado&nbsp;<strong>hasta el Lunes 20 de Septiembre a las 18:00 hs. Sin excepci\u00f3n.<\/strong><\/li><li><strong>Cumplimentar las condiciones administrativas al momento del examen: hasta mes de Septiembre abonado. (El mismo debe estar abonado al menos 3 d\u00edas antes de la fecha de examen).<\/strong><\/li><li>Estudiantes que solo deban rendir ex\u00e1menes finales&nbsp;<strong>deber\u00e1n tener abonada la Inscripci\u00f3n&nbsp;2021 y mes de Septiembre.<\/strong><\/li><\/ol>\n\n\n\n<ul class=\"has-medium-font-size\"><li><strong>Acceso a Formulario de Inscripci\u00f3n en el siguiente enlace:<br><a rel=\"noreferrer noopener\" href=\"https:\/\/docs.google.com\/forms\/d\/e\/1FAIpQLSeKbzDlFQrXCwtzDJ595DVEhAXeaUtU3q3rKD_4Me7oG9xFvg\/viewform\" target=\"_blank\">https:\/\/docs.google.com\/forms\/d\/e\/1FAIpQLSeKbzDlFQrXCwtzDJ595DVEhAXeaUtU3q3rKD_4Me7oG9xFvg\/viewform<\/a><\/strong><\/li><li><strong>Cronograma de Mesas en el siguiente enlace:<br><a rel=\"noreferrer noopener\" href=\"https:\/\/docs.google.com\/spreadsheets\/d\/1wH21T16ygp-Lguk0bUoIHrJDJHUMNDkK\/edit#gid=2126332636\" target=\"_blank\">https:\/\/docs.google.com\/spreadsheets\/d\/1wH21T16ygp-Lguk0bUoIHrJDJHUMNDkK\/edit#gid=2126332636<\/a><\/strong><\/li><\/ul>\n\n\n\n<h5 class=\"wp-block-heading\">Con el objeto de establecer un mejor circuito de comunicaci\u00f3n, se les recuerda que, se encuentra habilitado el mail de bedel\u00eda para consultas y dudas&nbsp;<a href=\"mailto:infofatimanivelsuperior@gmail.com\">infofatimanivelsuperior@gmail.com<\/a><\/h5>\n\n\n\n<p><\/p>\n\n\n\n<p>Nivel Superior &#8211; UEGP N\u00b022 \u00abNuestra Se\u00f1ora de F\u00e1tima\u00bb<\/p>\n","protected":false},"excerpt":{"rendered":"<p>Estimados estudiantes, en esta oportunidad les compartimos las novedades sobre las Mesas Correspondientes a Agosto 2021: &nbsp;Los llamados correspondientes a Agosto 2021 se tomar\u00e1n de manera&nbsp;Presencial&nbsp;en el mes de Septiembre,&nbsp;desde el 22\/09 hasta el 07\/10. Habilitaci\u00f3n de formularios de inscripci\u00f3n a ex\u00e1menes finales habilitado&nbsp;hasta el Lunes 20 de Septiembre a las 18:00 hs. Sin excepci\u00f3n. &#8230; <a title=\"Mesas Agosto 2021\" class=\"read-more\" href=\"https:\/\/uegp22-cha.infd.edu.ar\/sitio\/mesas-agosto-2021\/\" aria-label=\"More on Mesas Agosto 2021\">[+]<\/a><\/p>\n","protected":false},"author":29,"featured_media":0,"parent":0,"menu_order":0,"comment_status":"closed","ping_status":"closed","template":"","meta":[],"acf":[],"_links":{"self":[{"href":"https:\/\/uegp22-cha.infd.edu.ar\/sitio\/wp-json\/wp\/v2\/pages\/1191"}],"collection":[{"href":"https:\/\/uegp22-cha.infd.edu.ar\/sitio\/wp-json\/wp\/v2\/pages"}],"about":[{"href":"https:\/\/uegp22-cha.infd.edu.ar\/sitio\/wp-json\/wp\/v2\/types\/page"}],"author":[{"embeddable":true,"href":"https:\/\/uegp22-cha.infd.edu.ar\/sitio\/wp-json\/wp\/v2\/users\/29"}],"replies":[{"embeddable":true,"href":"https:\/\/uegp22-cha.infd.edu.ar\/sitio\/wp-json\/wp\/v2\/comments?post=1191"}],"version-history":[{"count":3,"href":"https:\/\/uegp22-cha.infd.edu.ar\/sitio\/wp-json\/wp\/v2\/pages\/1191\/revisions"}],"predecessor-version":[{"id":1197,"href":"https:\/\/uegp22-cha.infd.edu.ar\/sitio\/wp-json\/wp\/v2\/pages\/1191\/revisions\/1197"}],"wp:attachment":[{"href":"https:\/\/uegp22-cha.infd.edu.ar\/sitio\/wp-json\/wp\/v2\/media?parent=1191"}],"curies":[{"name":"wp","href":"https:\/\/api.w.org\/{rel}","templated":true}]}}