{"id":1227,"date":"2021-12-14T08:47:04","date_gmt":"2021-12-14T11:47:04","guid":{"rendered":"https:\/\/uegp22-cha.infd.edu.ar\/sitio\/?page_id=1227"},"modified":"2025-03-11T12:10:20","modified_gmt":"2025-03-11T15:10:20","slug":"profesorado-en-educacion-secundaria-en-ingles","status":"publish","type":"page","link":"https:\/\/uegp22-cha.infd.edu.ar\/sitio\/profesorado-en-educacion-secundaria-en-ingles\/","title":{"rendered":"Profesorado de Educaci\u00f3n Superior en Educaci\u00f3n Especial con orientaci\u00f3n en Sordos e Hipoac\u00fasicos"},"content":{"rendered":"\n<p class=\"has-text-align-center\">Finalidades formativas de la carrera<\/p>\n\n\n\n<p>Desempe\u00f1arse como maestro de grado en las escuelas de educaci\u00f3n especial para ni\u00f1os, j\u00f3venes y adultos sordos del \u00e1mbito estatal o privado, en las escuelas de atenci\u00f3n m\u00faltiple.<\/p>\n\n\n\n<p>Desempe\u00f1arse como maestro\/profesor de apoyo a la integraci\u00f3n, propiciando la inclusi\u00f3n educativa y siendo soporte de los procesos de integraci\u00f3n escolar, asesorando y orientando a las instituciones educativas en los distintos niveles educativos.<\/p>\n\n\n\n<p>Desenvolverse como formador de los espacios espec\u00edficos de los profesorados de educaci\u00f3n especial con orientaci\u00f3n en Sordos e Hipoac\u00fasicos.<\/p>\n\n\n\n<h2 class=\"wp-block-heading\"><\/h2>\n","protected":false},"excerpt":{"rendered":"<p>Finalidades formativas de la carrera Desempe\u00f1arse como maestro de grado en las escuelas de educaci\u00f3n especial para ni\u00f1os, j\u00f3venes y adultos sordos del \u00e1mbito estatal o privado, en las escuelas de atenci\u00f3n m\u00faltiple. Desempe\u00f1arse como maestro\/profesor de apoyo a la integraci\u00f3n, propiciando la inclusi\u00f3n educativa y siendo soporte de los procesos de integraci\u00f3n escolar, asesorando &#8230; <a title=\"Profesorado de Educaci\u00f3n Superior en Educaci\u00f3n Especial con orientaci\u00f3n en Sordos e Hipoac\u00fasicos\" class=\"read-more\" href=\"https:\/\/uegp22-cha.infd.edu.ar\/sitio\/profesorado-en-educacion-secundaria-en-ingles\/\" aria-label=\"More on Profesorado de Educaci\u00f3n Superior en Educaci\u00f3n Especial con orientaci\u00f3n en Sordos e Hipoac\u00fasicos\">[+]<\/a><\/p>\n","protected":false},"author":29,"featured_media":0,"parent":0,"menu_order":0,"comment_status":"closed","ping_status":"closed","template":"","meta":[],"acf":[],"_links":{"self":[{"href":"https:\/\/uegp22-cha.infd.edu.ar\/sitio\/wp-json\/wp\/v2\/pages\/1227"}],"collection":[{"href":"https:\/\/uegp22-cha.infd.edu.ar\/sitio\/wp-json\/wp\/v2\/pages"}],"about":[{"href":"https:\/\/uegp22-cha.infd.edu.ar\/sitio\/wp-json\/wp\/v2\/types\/page"}],"author":[{"embeddable":true,"href":"https:\/\/uegp22-cha.infd.edu.ar\/sitio\/wp-json\/wp\/v2\/users\/29"}],"replies":[{"embeddable":true,"href":"https:\/\/uegp22-cha.infd.edu.ar\/sitio\/wp-json\/wp\/v2\/comments?post=1227"}],"version-history":[{"count":3,"href":"https:\/\/uegp22-cha.infd.edu.ar\/sitio\/wp-json\/wp\/v2\/pages\/1227\/revisions"}],"predecessor-version":[{"id":1412,"href":"https:\/\/uegp22-cha.infd.edu.ar\/sitio\/wp-json\/wp\/v2\/pages\/1227\/revisions\/1412"}],"wp:attachment":[{"href":"https:\/\/uegp22-cha.infd.edu.ar\/sitio\/wp-json\/wp\/v2\/media?parent=1227"}],"curies":[{"name":"wp","href":"https:\/\/api.w.org\/{rel}","templated":true}]}}