{"id":1241,"date":"2022-02-26T20:39:55","date_gmt":"2022-02-26T23:39:55","guid":{"rendered":"https:\/\/uegp22-cha.infd.edu.ar\/sitio\/?page_id=1241"},"modified":"2022-03-16T09:06:25","modified_gmt":"2022-03-16T12:06:25","slug":"mesas-marzo-2022","status":"publish","type":"page","link":"https:\/\/uegp22-cha.infd.edu.ar\/sitio\/mesas-marzo-2022\/","title":{"rendered":"Mesas Diciembre 2021"},"content":{"rendered":"\n<p>Estimados estudiantes, en esta oportunidad les compartimos las novedades sobre las Mesas correspondientes a Diciembre 2021:<\/p>\n\n\n\n<p><br>\u2022Los llamados correspondientes a Diciembre 2021 se tomar\u00e1n de manera&nbsp;<strong>Presencial<\/strong>, desde el 02\/03 hasta el 14\/03.<br>\u2022Habilitaci\u00f3n de formularios de inscripci\u00f3n a ex\u00e1menes finales habilitado hasta el jueves 03 de Marzo a las 18:00 hs. Sin excepci\u00f3n.<br>\u2022Cumplimentar las condiciones administrativas al momento del examen: hasta mes de Diciembre abonado. (El mismo debe estar abonado al menos 3 d\u00edas antes de la fecha de examen).<\/p>\n\n\n\n<p><br>Acceso a Formulario de Inscripci\u00f3n en el siguiente enlace: <a rel=\"noreferrer noopener\" href=\"https:\/\/forms.gle\/A2C68snTDMTHsn5J8\" target=\"_blank\">https:\/\/forms.gle\/A2C68snTDMTHsn5J8<\/a><\/p>\n\n\n\n<p><br>Cronograma de Mesas en el siguiente enlace: <a rel=\"noreferrer noopener\" href=\"https:\/\/docs.google.com\/spreadsheets\/d\/13gmAHosC1z8uOK_nOatIDQr-N_y63uVs\/edit?usp=sharing&amp;ouid=101823092607560440528&amp;rtpof=true&amp;sd=true\" target=\"_blank\">https:\/\/docs.google.com\/spreadsheets\/d\/13gmAHosC1z8uOK_nOatIDQr-N_y63uVs\/edit?usp=sharing&amp;ouid=101823092607560440528&amp;rtpof=true&amp;sd=true<\/a><\/p>\n\n\n\n<p><br>Con el objeto de establecer un mejor circuito de comunicaci\u00f3n, se les recuerda que, se encuentra habilitado el mail de bedel\u00eda para consultas y dudas&nbsp;<a rel=\"noreferrer noopener\" href=\"mailto:infofatimanivelsuperior@gmail.com\" target=\"_blank\">infofatimanivelsuperior@gmail.com<\/a><\/p>\n\n\n\n<p><br>Nivel Superior \u2013 UEGP N\u00b022 \u00abNuestra Se\u00f1ora de F\u00e1tima\u00bb<\/p>\n","protected":false},"excerpt":{"rendered":"<p>Estimados estudiantes, en esta oportunidad les compartimos las novedades sobre las Mesas correspondientes a Diciembre 2021: \u2022Los llamados correspondientes a Diciembre 2021 se tomar\u00e1n de manera&nbsp;Presencial, desde el 02\/03 hasta el 14\/03.\u2022Habilitaci\u00f3n de formularios de inscripci\u00f3n a ex\u00e1menes finales habilitado hasta el jueves 03 de Marzo a las 18:00 hs. Sin excepci\u00f3n.\u2022Cumplimentar las condiciones administrativas &#8230; <a title=\"Mesas Diciembre 2021\" class=\"read-more\" href=\"https:\/\/uegp22-cha.infd.edu.ar\/sitio\/mesas-marzo-2022\/\" aria-label=\"More on Mesas Diciembre 2021\">[+]<\/a><\/p>\n","protected":false},"author":29,"featured_media":0,"parent":0,"menu_order":0,"comment_status":"closed","ping_status":"closed","template":"","meta":[],"acf":[],"_links":{"self":[{"href":"https:\/\/uegp22-cha.infd.edu.ar\/sitio\/wp-json\/wp\/v2\/pages\/1241"}],"collection":[{"href":"https:\/\/uegp22-cha.infd.edu.ar\/sitio\/wp-json\/wp\/v2\/pages"}],"about":[{"href":"https:\/\/uegp22-cha.infd.edu.ar\/sitio\/wp-json\/wp\/v2\/types\/page"}],"author":[{"embeddable":true,"href":"https:\/\/uegp22-cha.infd.edu.ar\/sitio\/wp-json\/wp\/v2\/users\/29"}],"replies":[{"embeddable":true,"href":"https:\/\/uegp22-cha.infd.edu.ar\/sitio\/wp-json\/wp\/v2\/comments?post=1241"}],"version-history":[{"count":2,"href":"https:\/\/uegp22-cha.infd.edu.ar\/sitio\/wp-json\/wp\/v2\/pages\/1241\/revisions"}],"predecessor-version":[{"id":1247,"href":"https:\/\/uegp22-cha.infd.edu.ar\/sitio\/wp-json\/wp\/v2\/pages\/1241\/revisions\/1247"}],"wp:attachment":[{"href":"https:\/\/uegp22-cha.infd.edu.ar\/sitio\/wp-json\/wp\/v2\/media?parent=1241"}],"curies":[{"name":"wp","href":"https:\/\/api.w.org\/{rel}","templated":true}]}}