{"id":1248,"date":"2022-03-16T09:12:22","date_gmt":"2022-03-16T12:12:22","guid":{"rendered":"https:\/\/uegp22-cha.infd.edu.ar\/sitio\/?page_id=1248"},"modified":"2022-03-16T09:14:27","modified_gmt":"2022-03-16T12:14:27","slug":"mesas-de-examenes-marzo-2022","status":"publish","type":"page","link":"https:\/\/uegp22-cha.infd.edu.ar\/sitio\/mesas-de-examenes-marzo-2022\/","title":{"rendered":"Mesas Marzo 2022"},"content":{"rendered":"\n<p>Estimados estudiantes, en esta oportunidad les compartimos las novedades sobre las Mesas correspondientes a Marzo 2022:<\/p>\n\n\n\n<p><br>\u2022Los llamados correspondientes a Diciembre 2021 se tomar\u00e1n de manera&nbsp;<strong>Presencial<\/strong>, desde el 21\/03 hasta el 08\/04.<br>\u2022Habilitaci\u00f3n de formularios de inscripci\u00f3n a ex\u00e1menes finales habilitado <strong>hasta el jueves 17 de Marzo a las 18:00 hs. Sin excepci\u00f3n.<\/strong><br>\u2022Cumplimentar las condiciones administrativas al momento del examen: <strong>Inscripci\u00f3n Ciclo Lectivo 2022<\/strong>. (La misma debe estar abonado al menos 3 d\u00edas antes de la fecha de examen).<\/p>\n\n\n\n<p><br>Acceso a Formulario de Inscripci\u00f3n en el siguiente enlace:<a rel=\"noreferrer noopener\" href=\"https:\/\/forms.gle\/A2C68snTDMTHsn5J8\" target=\"_blank\"> <\/a><a href=\"https:\/\/docs.google.com\/forms\/d\/e\/1FAIpQLSfWZtIiPw2JG2aYmKnx_WfdtyHegrZYAaep0ljIxRdR4Boi-Q\/viewform?usp=sf_link\">https:\/\/docs.google.com\/forms\/d\/e\/1FAIpQLSfWZtIiPw2JG2aYmKnx_WfdtyHegrZYAaep0ljIxRdR4Boi-Q\/viewform?usp=sf_link<\/a><\/p>\n\n\n\n<p><br>Cronograma de Mesas en el siguiente enlace: <a href=\"https:\/\/docs.google.com\/spreadsheets\/d\/1Ujv2xEkUCa_7dx0o_7PymfMA8pSXybIG\/edit?usp=sharing&amp;ouid=101823092607560440528&amp;rtpof=true&amp;sd=true\">https:\/\/docs.google.com\/spreadsheets\/d\/1Ujv2xEkUCa_7dx0o_7PymfMA8pSXybIG\/edit?usp=sharing&amp;ouid=101823092607560440528&amp;rtpof=true&amp;sd=true<\/a><\/p>\n\n\n\n<p><br>Con el objeto de establecer un mejor circuito de comunicaci\u00f3n, se les recuerda que, se encuentra habilitado el mail de bedel\u00eda para consultas y dudas&nbsp;<a rel=\"noreferrer noopener\" href=\"mailto:infofatimanivelsuperior@gmail.com\" target=\"_blank\">infofatimanivelsuperior@gmail.com<\/a><\/p>\n\n\n\n<p><br>Nivel Superior \u2013 UEGP N\u00b022 \u00abNuestra Se\u00f1ora de F\u00e1tima\u00bb<\/p>\n","protected":false},"excerpt":{"rendered":"<p>Estimados estudiantes, en esta oportunidad les compartimos las novedades sobre las Mesas correspondientes a Marzo 2022: \u2022Los llamados correspondientes a Diciembre 2021 se tomar\u00e1n de manera&nbsp;Presencial, desde el 21\/03 hasta el 08\/04.\u2022Habilitaci\u00f3n de formularios de inscripci\u00f3n a ex\u00e1menes finales habilitado hasta el jueves 17 de Marzo a las 18:00 hs. Sin excepci\u00f3n.\u2022Cumplimentar las condiciones administrativas &#8230; <a title=\"Mesas Marzo 2022\" class=\"read-more\" href=\"https:\/\/uegp22-cha.infd.edu.ar\/sitio\/mesas-de-examenes-marzo-2022\/\" aria-label=\"More on Mesas Marzo 2022\">[+]<\/a><\/p>\n","protected":false},"author":29,"featured_media":0,"parent":0,"menu_order":0,"comment_status":"closed","ping_status":"closed","template":"","meta":[],"acf":[],"_links":{"self":[{"href":"https:\/\/uegp22-cha.infd.edu.ar\/sitio\/wp-json\/wp\/v2\/pages\/1248"}],"collection":[{"href":"https:\/\/uegp22-cha.infd.edu.ar\/sitio\/wp-json\/wp\/v2\/pages"}],"about":[{"href":"https:\/\/uegp22-cha.infd.edu.ar\/sitio\/wp-json\/wp\/v2\/types\/page"}],"author":[{"embeddable":true,"href":"https:\/\/uegp22-cha.infd.edu.ar\/sitio\/wp-json\/wp\/v2\/users\/29"}],"replies":[{"embeddable":true,"href":"https:\/\/uegp22-cha.infd.edu.ar\/sitio\/wp-json\/wp\/v2\/comments?post=1248"}],"version-history":[{"count":3,"href":"https:\/\/uegp22-cha.infd.edu.ar\/sitio\/wp-json\/wp\/v2\/pages\/1248\/revisions"}],"predecessor-version":[{"id":1253,"href":"https:\/\/uegp22-cha.infd.edu.ar\/sitio\/wp-json\/wp\/v2\/pages\/1248\/revisions\/1253"}],"wp:attachment":[{"href":"https:\/\/uegp22-cha.infd.edu.ar\/sitio\/wp-json\/wp\/v2\/media?parent=1248"}],"curies":[{"name":"wp","href":"https:\/\/api.w.org\/{rel}","templated":true}]}}