{"id":1268,"date":"2022-08-02T23:17:15","date_gmt":"2022-08-03T02:17:15","guid":{"rendered":"https:\/\/uegp22-cha.infd.edu.ar\/sitio\/?page_id=1268"},"modified":"2022-08-04T22:31:33","modified_gmt":"2022-08-05T01:31:33","slug":"mesas-agosto-2022","status":"publish","type":"page","link":"https:\/\/uegp22-cha.infd.edu.ar\/sitio\/mesas-agosto-2022\/","title":{"rendered":"Mesas Agosto 2022"},"content":{"rendered":"\n<p>Estimados estudiantes, en esta oportunidad les compartimos las novedades sobre las Mesas correspondientes a Agosto 2022:<\/p>\n\n\n\n<p><br>\u2022Los llamados correspondientes a Agosto 2022 se tomar\u00e1n de manera\u00a0<strong>Presencial<\/strong>, desde el 04\/08 hasta el 22\/08.<br>\u2022Habilitaci\u00f3n de formularios de inscripci\u00f3n a ex\u00e1menes finales habilitado\u00a0<strong>hasta el jueves 04 de Agosto a las 18:00 hs. Sin excepci\u00f3n.<\/strong><br>\u2022Cumplimentar las condiciones administrativas al momento del examen:<strong> Cuota Julio 2022<\/strong> inclusive. (La misma debe estar abonado al menos 3 d\u00edas antes de la fecha de examen).<\/p>\n\n\n\n<p><strong>\u2022 El formulario de inscripci\u00f3n a mesas de ex\u00e1menes se reabrir\u00e1 hasta ma\u00f1ana 5\/08 A las 14:00 hs. Luego de ese horario no se aceptar\u00e1n nuevas inscripciones.<br>De tener inconvenientes con el formulario deben comunicarse con sus bedeles.<\/strong><\/p>\n\n\n\n<p><br>Acceso a Formulario de Inscripci\u00f3n en el siguiente enlace:<a href=\"https:\/\/forms.gle\/dX4aABhhL2F2JCQx8\"> https:\/\/forms.gle\/dX4aABhhL2F2JCQx8<\/a><\/p>\n\n\n\n<p><br>Cronograma de Mesas en el siguiente enlace:<a href=\"https:\/\/drive.google.com\/file\/d\/1UN8KBQRadzXudZnxvMu0xyNHOL8h1E_G\/view?usp=sharing\">\u00a0https:\/\/drive.google.com\/file\/d\/1UN8KBQRadzXudZnxvMu0xyNHOL8h1E_G\/view?usp=sharing<\/a><\/p>\n\n\n\n<p><br>Con el objeto de establecer un mejor circuito de comunicaci\u00f3n, se les recuerda que, se encuentra habilitado el mail de bedel\u00eda para consultas y dudas&nbsp;<a rel=\"noreferrer noopener\" href=\"mailto:infofatimanivelsuperior@gmail.com\" target=\"_blank\">infofatimanivelsuperior@gmail.com<\/a><\/p>\n\n\n\n<p><br>Nivel Superior \u2013 UEGP N\u00b022 \u00abNuestra Se\u00f1ora de F\u00e1tima\u00bb<\/p>\n","protected":false},"excerpt":{"rendered":"<p>Estimados estudiantes, en esta oportunidad les compartimos las novedades sobre las Mesas correspondientes a Agosto 2022: \u2022Los llamados correspondientes a Agosto 2022 se tomar\u00e1n de manera\u00a0Presencial, desde el 04\/08 hasta el 22\/08.\u2022Habilitaci\u00f3n de formularios de inscripci\u00f3n a ex\u00e1menes finales habilitado\u00a0hasta el jueves 04 de Agosto a las 18:00 hs. Sin excepci\u00f3n.\u2022Cumplimentar las condiciones administrativas al &#8230; <a title=\"Mesas Agosto 2022\" class=\"read-more\" href=\"https:\/\/uegp22-cha.infd.edu.ar\/sitio\/mesas-agosto-2022\/\" aria-label=\"More on Mesas Agosto 2022\">[+]<\/a><\/p>\n","protected":false},"author":29,"featured_media":0,"parent":0,"menu_order":0,"comment_status":"closed","ping_status":"closed","template":"","meta":[],"acf":[],"_links":{"self":[{"href":"https:\/\/uegp22-cha.infd.edu.ar\/sitio\/wp-json\/wp\/v2\/pages\/1268"}],"collection":[{"href":"https:\/\/uegp22-cha.infd.edu.ar\/sitio\/wp-json\/wp\/v2\/pages"}],"about":[{"href":"https:\/\/uegp22-cha.infd.edu.ar\/sitio\/wp-json\/wp\/v2\/types\/page"}],"author":[{"embeddable":true,"href":"https:\/\/uegp22-cha.infd.edu.ar\/sitio\/wp-json\/wp\/v2\/users\/29"}],"replies":[{"embeddable":true,"href":"https:\/\/uegp22-cha.infd.edu.ar\/sitio\/wp-json\/wp\/v2\/comments?post=1268"}],"version-history":[{"count":4,"href":"https:\/\/uegp22-cha.infd.edu.ar\/sitio\/wp-json\/wp\/v2\/pages\/1268\/revisions"}],"predecessor-version":[{"id":1276,"href":"https:\/\/uegp22-cha.infd.edu.ar\/sitio\/wp-json\/wp\/v2\/pages\/1268\/revisions\/1276"}],"wp:attachment":[{"href":"https:\/\/uegp22-cha.infd.edu.ar\/sitio\/wp-json\/wp\/v2\/media?parent=1268"}],"curies":[{"name":"wp","href":"https:\/\/api.w.org\/{rel}","templated":true}]}}