{"id":1330,"date":"2022-11-24T19:50:12","date_gmt":"2022-11-24T22:50:12","guid":{"rendered":"https:\/\/uegp22-cha.infd.edu.ar\/sitio\/?page_id=1330"},"modified":"2022-11-24T20:29:24","modified_gmt":"2022-11-24T23:29:24","slug":"mesas-diciembre-2022","status":"publish","type":"page","link":"https:\/\/uegp22-cha.infd.edu.ar\/sitio\/mesas-diciembre-2022\/","title":{"rendered":"Mesas Diciembre 2022"},"content":{"rendered":"\n<p>Estimados estudiantes, en esta oportunidad les compartimos las novedades sobre las Mesas correspondientes a Diciembre 2022:<br>\u2022Los llamados correspondientes a Diciembre 2022 se tomar\u00e1n de manera&nbsp;<strong>Presencial<\/strong>, desde el 01\/12 hasta el 21\/12.<br>\u2022El formulario de inscripci\u00f3n a ex\u00e1menes finales estar\u00e1 habilitado hasta el <strong>lunes 28 de Noviembre a las 13:00 hs<\/strong>.&nbsp;<strong>Sin&nbsp;excepci\u00f3n<\/strong>.<\/p>\n\n\n\n<p><strong><em>Requisitos de Inscripci\u00f3n a Mesas de Ex\u00e1menes<\/em><\/strong>:<br>* Cumplir las condiciones de correlatividad vigente correspondiente a su plan de estudio.<br>* Cumplimentar las condiciones administrativas al momento del examen:<strong> Cuota NOVIEMBRE 2022 abonada <\/strong>(para las materias que se rindan antes del<strong> 15\/12<\/strong>). Cuota <strong>DICIEMBRE 2022 abonada<\/strong> (para las materias que se rindan a partir del 15\/12).\u00a0 Las mismas debe estar abonadas al menos 3 d\u00edas antes de la fecha de examen.<\/p>\n\n\n\n<p><strong><br>De tener inconvenientes con el formulario deben comunicarse con sus bedeles.<\/strong><\/p>\n\n\n\n<p><br>Acceso a Formulario de Inscripci\u00f3n en el siguiente enlace:<a href=\"https:\/\/forms.gle\/Wi7gzooyYGAKoUo3A\"> https:\/\/forms.gle\/Wi7gzooyYGAKoUo3A<\/a><\/p>\n\n\n\n<p><br>Cronograma de Mesas en el siguiente enlace:<a href=\"https:\/\/docs.google.com\/spreadsheets\/d\/1-20NsaG-_RnKypjniqLqaMJ1gIberVRk\/edit#gid=895593150\" target=\"_blank\" rel=\"noreferrer noopener\"> https:\/\/docs.google.com\/spreadsheets\/d\/1-20NsaG-_RnKypjniqLqaMJ1gIberVRk\/edit#gid=895593150<\/a><\/p>\n\n\n\n<p><a href=\"https:\/\/drive.google.com\/file\/d\/1WJmNYqWAUzGTbyAarvWFN9qhCMS2rmYC\/view?usp=share_link\" target=\"_blank\" rel=\"noreferrer noopener\"><strong>R\u00c9GIMEN DE CORRELATIVIDADES PROFESORADO DE EDUCACI\u00d3N SUPERIOR EN CIENCIAS DE LA EDUCACI\u00d3N<\/strong><\/a><\/p>\n\n\n\n<p><strong><a href=\"https:\/\/drive.google.com\/file\/d\/1DL_2-9KKw7aq0Bvw66ffDEb8H5jMS4Wi\/view?usp=share_link\" target=\"_blank\" rel=\"noreferrer noopener\">R\u00c9GIMEN DE CORRELATIVIDADES PROFESORADO PARA EL NIVEL INICIAL<\/a><\/strong><\/p>\n\n\n\n<p><a href=\"https:\/\/drive.google.com\/file\/d\/15Jbdr3skfS4YeQyl4Zyq7chAWR9Cp_MZ\/view?usp=share_link\" target=\"_blank\" rel=\"noreferrer noopener\"><strong>R\u00c9GIMEN DE CORRELATIVIDADES PROFESORADO EN EDUCACI\u00d3N SECUNDARIA EN INGL\u00c9S<\/strong><\/a><\/p>\n\n\n\n<p><strong><a href=\"https:\/\/drive.google.com\/file\/d\/1883fNgAfSLR-x9HcWTRbEHzPu_1-GDA-\/view?usp=share_link\" target=\"_blank\" rel=\"noreferrer noopener\">R\u00c9GIMEN DE CORRELATIVIDADES TECNICATURA SUPERIOR EN LENGUA DE SE\u00d1AS ARGENTINAS.<\/a><\/strong><\/p>\n\n\n\n<p><br>Con el objeto de establecer un mejor circuito de comunicaci\u00f3n, se les recuerda que, se encuentra habilitado el mail de bedel\u00eda para consultas y dudas&nbsp;<a rel=\"noreferrer noopener\" href=\"mailto:infofatimanivelsuperior@gmail.com\" target=\"_blank\">infofatimanivelsuperior@gmail.com<\/a><\/p>\n\n\n\n<p><br>Nivel Superior \u2013 UEGP N\u00b022 \u00abNuestra Se\u00f1ora de F\u00e1tima\u00bb<\/p>\n","protected":false},"excerpt":{"rendered":"<p>Estimados estudiantes, en esta oportunidad les compartimos las novedades sobre las Mesas correspondientes a Diciembre 2022:\u2022Los llamados correspondientes a Diciembre 2022 se tomar\u00e1n de manera&nbsp;Presencial, desde el 01\/12 hasta el 21\/12.\u2022El formulario de inscripci\u00f3n a ex\u00e1menes finales estar\u00e1 habilitado hasta el lunes 28 de Noviembre a las 13:00 hs.&nbsp;Sin&nbsp;excepci\u00f3n. Requisitos de Inscripci\u00f3n a Mesas de &#8230; <a title=\"Mesas Diciembre 2022\" class=\"read-more\" href=\"https:\/\/uegp22-cha.infd.edu.ar\/sitio\/mesas-diciembre-2022\/\" aria-label=\"More on Mesas Diciembre 2022\">[+]<\/a><\/p>\n","protected":false},"author":29,"featured_media":0,"parent":0,"menu_order":0,"comment_status":"closed","ping_status":"closed","template":"","meta":[],"acf":[],"_links":{"self":[{"href":"https:\/\/uegp22-cha.infd.edu.ar\/sitio\/wp-json\/wp\/v2\/pages\/1330"}],"collection":[{"href":"https:\/\/uegp22-cha.infd.edu.ar\/sitio\/wp-json\/wp\/v2\/pages"}],"about":[{"href":"https:\/\/uegp22-cha.infd.edu.ar\/sitio\/wp-json\/wp\/v2\/types\/page"}],"author":[{"embeddable":true,"href":"https:\/\/uegp22-cha.infd.edu.ar\/sitio\/wp-json\/wp\/v2\/users\/29"}],"replies":[{"embeddable":true,"href":"https:\/\/uegp22-cha.infd.edu.ar\/sitio\/wp-json\/wp\/v2\/comments?post=1330"}],"version-history":[{"count":5,"href":"https:\/\/uegp22-cha.infd.edu.ar\/sitio\/wp-json\/wp\/v2\/pages\/1330\/revisions"}],"predecessor-version":[{"id":1339,"href":"https:\/\/uegp22-cha.infd.edu.ar\/sitio\/wp-json\/wp\/v2\/pages\/1330\/revisions\/1339"}],"wp:attachment":[{"href":"https:\/\/uegp22-cha.infd.edu.ar\/sitio\/wp-json\/wp\/v2\/media?parent=1330"}],"curies":[{"name":"wp","href":"https:\/\/api.w.org\/{rel}","templated":true}]}}