{"id":1774,"date":"2026-03-30T20:40:21","date_gmt":"2026-03-30T23:40:21","guid":{"rendered":"https:\/\/uegp22-cha.infd.edu.ar\/sitio\/?page_id=1774"},"modified":"2026-04-01T00:23:12","modified_gmt":"2026-04-01T03:23:12","slug":"inscripcion-a-materias","status":"publish","type":"page","link":"https:\/\/uegp22-cha.infd.edu.ar\/sitio\/estudiantes\/inscripcion-a-materias\/","title":{"rendered":"Inscripci\u00f3n a materias"},"content":{"rendered":"\n<p>El siguiente formulario contiene cada una de las materias correspondientes a las ofertas acad\u00e9micas del instituto, les pedimos se inscriban solo a las materias que pueden cursar teniendo en cuenta el r\u00e9gimen de correlatividades y que se encuentran al d\u00eda con las cuotas (hasta inscripci\u00f3n 2026 paga).<\/p>\n\n\n\n<p class=\"has-text-align-center\"><strong><em>Estar\u00e1 habilitado solo hasta el d\u00eda 06\/04\/2026 HASTA LAS 18:00HS<\/em><\/strong><\/p>\n\n\n\n<h3 class=\"wp-block-heading has-text-align-center\"><mark style=\"background-color:var(--contrast)\" class=\"has-inline-color has-accent-color\">RECORDA COMPLETAR EL FORMULARIO UNA VEZ POR CADA UNIDAD CURRICULAR (MATERIA) A LA QUE DESEAS INSCRIBIRTE<\/mark><\/h3>\n\n\n\n<p><br>Cualquier duda o inconveniente pueden comunicarse por medio del correo electr\u00f3nico del \u00e1rea de bedel\u00eda:<br><a href=\"mailto:infofatimanivelsuperior@gmail.com\">infofatimanivelsuperior@gmail.com<\/a><\/p>\n\n\n\n<div class=\"wp-block-buttons alignwide is-content-justification-center is-layout-flex wp-container-1\">\n<div class=\"wp-block-button\"><a class=\"wp-block-button__link wp-element-button\" href=\"https:\/\/docs.google.com\/forms\/d\/e\/1FAIpQLSf7qo_LPs7EsABPKK1jnJscgSkkwOqW_5O07vPO7LRVHkPXaw\/viewform\">HACE CLIC AQU\u00cd::::::::::::::::::::::::::::::::::::::::::::::::::::::::::::Inscripci\u00f3n a materias 2026::::::::::::::::::::::::::::::::::::::::::::::::::::::::::::HACE CLIC AQU\u00cd<\/a><\/div>\n<\/div>\n","protected":false},"excerpt":{"rendered":"<p>El siguiente formulario contiene cada una de las materias correspondientes a las ofertas acad\u00e9micas del instituto, les pedimos se inscriban solo a las materias que pueden cursar teniendo en cuenta el r\u00e9gimen de correlatividades y que se encuentran al d\u00eda con las cuotas (hasta inscripci\u00f3n 2026 paga). Estar\u00e1 habilitado solo hasta el d\u00eda 06\/04\/2026 HASTA &#8230; <a title=\"Inscripci\u00f3n a materias\" class=\"read-more\" href=\"https:\/\/uegp22-cha.infd.edu.ar\/sitio\/estudiantes\/inscripcion-a-materias\/\" aria-label=\"More on Inscripci\u00f3n a materias\">[+]<\/a><\/p>\n","protected":false},"author":29,"featured_media":0,"parent":692,"menu_order":0,"comment_status":"closed","ping_status":"closed","template":"","meta":[],"acf":[],"_links":{"self":[{"href":"https:\/\/uegp22-cha.infd.edu.ar\/sitio\/wp-json\/wp\/v2\/pages\/1774"}],"collection":[{"href":"https:\/\/uegp22-cha.infd.edu.ar\/sitio\/wp-json\/wp\/v2\/pages"}],"about":[{"href":"https:\/\/uegp22-cha.infd.edu.ar\/sitio\/wp-json\/wp\/v2\/types\/page"}],"author":[{"embeddable":true,"href":"https:\/\/uegp22-cha.infd.edu.ar\/sitio\/wp-json\/wp\/v2\/users\/29"}],"replies":[{"embeddable":true,"href":"https:\/\/uegp22-cha.infd.edu.ar\/sitio\/wp-json\/wp\/v2\/comments?post=1774"}],"version-history":[{"count":2,"href":"https:\/\/uegp22-cha.infd.edu.ar\/sitio\/wp-json\/wp\/v2\/pages\/1774\/revisions"}],"predecessor-version":[{"id":1789,"href":"https:\/\/uegp22-cha.infd.edu.ar\/sitio\/wp-json\/wp\/v2\/pages\/1774\/revisions\/1789"}],"up":[{"embeddable":true,"href":"https:\/\/uegp22-cha.infd.edu.ar\/sitio\/wp-json\/wp\/v2\/pages\/692"}],"wp:attachment":[{"href":"https:\/\/uegp22-cha.infd.edu.ar\/sitio\/wp-json\/wp\/v2\/media?parent=1774"}],"curies":[{"name":"wp","href":"https:\/\/api.w.org\/{rel}","templated":true}]}}