{"id":1777,"date":"2026-03-30T20:56:12","date_gmt":"2026-03-30T23:56:12","guid":{"rendered":"https:\/\/uegp22-cha.infd.edu.ar\/sitio\/?page_id=1777"},"modified":"2026-03-30T20:56:14","modified_gmt":"2026-03-30T23:56:14","slug":"carreras-2026","status":"publish","type":"page","link":"https:\/\/uegp22-cha.infd.edu.ar\/sitio\/carreras-2026\/","title":{"rendered":"Carreras 2026"},"content":{"rendered":"\n<h4 class=\"wp-block-heading\">LAS CARRERAS QUE SE MENCIONAN, HAN SIDO APROBADAS PARA SU INSCRIPCION EN EL NIVEL SUPERIOR DE LA U.E.G.P. N\u00ba22 \u00abNtra. Sra. de F\u00e1tima\u00bb.<br>Las Carreras  que Inician en 2026 Son:<\/h4>\n\n\n\n<ol>\n<li><strong>PROFESORADO DE EDUCACION SECUNDARIA EN TIC<\/strong> -4 A\u00d1OS-<br><\/li>\n\n\n\n<li><strong>PROFESORADO DE EDUCACION INICIAL<\/strong> -4 A\u00d1OS-<br><\/li>\n\n\n\n<li><strong>Profesorado de Educaci\u00f3n Superior en Educaci\u00f3n Especial con orientacion en Sordos e Hipoac\u00fasicos \u2013 5 A\u00d1OS \u2013&nbsp;<\/strong><\/li>\n<\/ol>\n","protected":false},"excerpt":{"rendered":"<p>LAS CARRERAS QUE SE MENCIONAN, HAN SIDO APROBADAS PARA SU INSCRIPCION EN EL NIVEL SUPERIOR DE LA U.E.G.P. N\u00ba22 \u00abNtra. Sra. de F\u00e1tima\u00bb.Las Carreras que Inician en 2026 Son:<\/p>\n","protected":false},"author":29,"featured_media":0,"parent":0,"menu_order":0,"comment_status":"closed","ping_status":"closed","template":"","meta":[],"acf":[],"_links":{"self":[{"href":"https:\/\/uegp22-cha.infd.edu.ar\/sitio\/wp-json\/wp\/v2\/pages\/1777"}],"collection":[{"href":"https:\/\/uegp22-cha.infd.edu.ar\/sitio\/wp-json\/wp\/v2\/pages"}],"about":[{"href":"https:\/\/uegp22-cha.infd.edu.ar\/sitio\/wp-json\/wp\/v2\/types\/page"}],"author":[{"embeddable":true,"href":"https:\/\/uegp22-cha.infd.edu.ar\/sitio\/wp-json\/wp\/v2\/users\/29"}],"replies":[{"embeddable":true,"href":"https:\/\/uegp22-cha.infd.edu.ar\/sitio\/wp-json\/wp\/v2\/comments?post=1777"}],"version-history":[{"count":1,"href":"https:\/\/uegp22-cha.infd.edu.ar\/sitio\/wp-json\/wp\/v2\/pages\/1777\/revisions"}],"predecessor-version":[{"id":1778,"href":"https:\/\/uegp22-cha.infd.edu.ar\/sitio\/wp-json\/wp\/v2\/pages\/1777\/revisions\/1778"}],"wp:attachment":[{"href":"https:\/\/uegp22-cha.infd.edu.ar\/sitio\/wp-json\/wp\/v2\/media?parent=1777"}],"curies":[{"name":"wp","href":"https:\/\/api.w.org\/{rel}","templated":true}]}}