{"id":1780,"date":"2026-03-30T21:14:18","date_gmt":"2026-03-31T00:14:18","guid":{"rendered":"https:\/\/uegp22-cha.infd.edu.ar\/sitio\/?page_id=1780"},"modified":"2026-03-30T21:21:59","modified_gmt":"2026-03-31T00:21:59","slug":"profesorado-de-educacion-secundaria-en-tic","status":"publish","type":"page","link":"https:\/\/uegp22-cha.infd.edu.ar\/sitio\/profesorado-de-educacion-secundaria-en-tic\/","title":{"rendered":"PROFESORADO DE EDUCACION SECUNDARIA EN TIC\u00a0"},"content":{"rendered":"\n<p class=\"has-text-align-left\">La propuesta formativa del Profesorado de Educaci\u00f3n Secundaria en Tecnolog\u00edas de la Informaci\u00f3n y la Comunicaci\u00f3n se fundamenta en la necesidad de formar docentes capaces de comprender y transformar las pr\u00e1cticas educativas en un contexto atravesado por profundos cambios tecnol\u00f3gicos, culturales y sociales. En este marco, la carrera promueve una formaci\u00f3n integral que articula saberes pedag\u00f3gicos, disciplinares y tecnol\u00f3gicos, orientados al desarrollo de propuestas de ense\u00f1anza innovadoras, cr\u00edticas y contextualizadas. Asimismo, reconoce a la educaci\u00f3n como un derecho y a la docencia como una pr\u00e1ctica comprometida con la inclusi\u00f3n, la democratizaci\u00f3n del conocimiento y la construcci\u00f3n de una ciudadan\u00eda activa, preparando profesionales capaces de intervenir en la realidad educativa con responsabilidad, creatividad y sentido \u00e9tico.<\/p>\n\n\n\n<p><strong>Alcances del t\u00edtulo<\/strong>: Ejercicio de la docencia en el nivel secundario Continuidad de estudios de posgrado.<\/p>\n\n\n\n<h6 class=\"wp-block-heading\">Perfil del egresado :<\/h6>\n\n\n\n<ul>\n<li>Formaci\u00f3n para la ense\u00f1anza de las TIC en el nivel secundario<\/li>\n\n\n\n<li>Capacidad para integrar tecnolog\u00eda en propuestas educativas innovadoras<\/li>\n\n\n\n<li>Desarrollo de pr\u00e1cticas pedag\u00f3gicas reflexivas y contextualizadas<\/li>\n\n\n\n<li>Compromiso con la inclusi\u00f3n digital y la transformaci\u00f3n educativa.<\/li>\n<\/ul>\n\n\n\n<p>El Profesorado de Educaci\u00f3n Secundaria en Tecnolog\u00edas de la Informaci\u00f3n y la Comunicaci\u00f3n se propone formar docentes capaces de comprender y transformar las pr\u00e1cticas educativas en un contexto atravesado por profundos cambios tecnol\u00f3gicos, culturales y sociales. En este sentido, la carrera articula saberes pedag\u00f3gicos, disciplinares y tecnol\u00f3gicos, promoviendo el desarrollo de propuestas de ense\u00f1anza innovadoras, cr\u00edticas y contextualizadas. Desde una perspectiva que reconoce a la educaci\u00f3n como un derecho, se busca formar profesionales comprometidos con la inclusi\u00f3n, la democratizaci\u00f3n del conocimiento y la construcci\u00f3n de una ciudadan\u00eda activa.La carrera tiene una duraci\u00f3n de 4 a\u00f1os y otorga el t\u00edtulo de Profesor\/a de Educaci\u00f3n Secundaria en Tecnolog\u00edas de la Informaci\u00f3n y la Comunicaci\u00f3n. Cuenta con una carga horaria total de 2604 horas reloj (3904 horas c\u00e1tedra) y est\u00e1 destinada a quienes hayan finalizado el nivel secundario o, en el caso de mayores de 25 a\u00f1os, acrediten experiencia y condiciones conforme a la normativa vigente. A lo largo de la formaci\u00f3n, los estudiantes desarrollan capacidades para ense\u00f1ar en el nivel secundario, integrar tecnolog\u00edas en propuestas educativas y dise\u00f1ar experiencias de aprendizaje significativas.<\/p>\n\n\n\n<p>El perfil del egresado se orienta a la formaci\u00f3n de docentes capaces de desempe\u00f1arse en el sistema educativo con solvencia pedag\u00f3gica y dominio de herramientas tecnol\u00f3gicas, promoviendo pr\u00e1cticas reflexivas y contextualizadas. Asimismo, el t\u00edtulo habilita para el ejercicio de la docencia en el nivel secundario y posibilita la continuidad de estudios de posgrado. La propuesta formativa se organiza en torno a tres campos: la formaci\u00f3n general, la formaci\u00f3n espec\u00edfica en TIC y la formaci\u00f3n en la pr\u00e1ctica profesional, garantizando una articulaci\u00f3n progresiva entre teor\u00eda y pr\u00e1ctica. Desde los primeros a\u00f1os, los estudiantes participan en experiencias en instituciones educativas, culminando con la residencia pedag\u00f3gica en el \u00faltimo a\u00f1o, lo que permite una inserci\u00f3n real y situada en el campo profesional.<\/p>\n\n\n\n<p>Estudiar esta carrera implica prepararse para un campo laboral en constante crecimiento, donde la integraci\u00f3n de la tecnolog\u00eda en la educaci\u00f3n resulta fundamental. Los egresados podr\u00e1n desempe\u00f1arse como docentes en el nivel secundario, participar en proyectos educativos con TIC, desarrollar materiales digitales y contribuir a la innovaci\u00f3n pedag\u00f3gica en distintas instituciones.<\/p>\n\n\n\n<p>El Instituto ofrece una formaci\u00f3n integral, con un fuerte acompa\u00f1amiento a los estudiantes, promoviendo valores, compromiso y una mirada humana de la educaci\u00f3n. Se trata de una propuesta que no solo forma docentes, sino que impulsa a cada estudiante a construir su propia identidad profesional en di\u00e1logo con los desaf\u00edos del presente<\/p>\n\n\n\n<div class=\"wp-block-buttons is-layout-flex\">\n<div class=\"wp-block-button\"><a class=\"wp-block-button__link wp-element-button\" href=\"https:\/\/drive.google.com\/drive\/folders\/1tYVmc58TDba0zQAPo4alp0j2v08MkyvZ\">Plan de estudios<\/a><\/div>\n\n\n\n<div class=\"wp-block-button\"><a class=\"wp-block-button__link wp-element-button\" href=\"https:\/\/drive.google.com\/drive\/folders\/1tYVmc58TDba0zQAPo4alp0j2v08MkyvZ\">Dise\u00f1o Curricular<\/a><\/div>\n\n\n\n<div class=\"wp-block-button\"><a class=\"wp-block-button__link wp-element-button\" href=\"https:\/\/drive.google.com\/drive\/folders\/1tYVmc58TDba0zQAPo4alp0j2v08MkyvZ\">R\u00e9gimen de Correlativas<\/a><\/div>\n<\/div>\n","protected":false},"excerpt":{"rendered":"<p>La propuesta formativa del Profesorado de Educaci\u00f3n Secundaria en Tecnolog\u00edas de la Informaci\u00f3n y la Comunicaci\u00f3n se fundamenta en la necesidad de formar docentes capaces de comprender y transformar las pr\u00e1cticas educativas en un contexto atravesado por profundos cambios tecnol\u00f3gicos, culturales y sociales. En este marco, la carrera promueve una formaci\u00f3n integral que articula saberes &#8230; <a title=\"PROFESORADO DE EDUCACION SECUNDARIA EN TIC\u00a0\" class=\"read-more\" href=\"https:\/\/uegp22-cha.infd.edu.ar\/sitio\/profesorado-de-educacion-secundaria-en-tic\/\" aria-label=\"More on PROFESORADO DE EDUCACION SECUNDARIA EN TIC\u00a0\">[+]<\/a><\/p>\n","protected":false},"author":29,"featured_media":0,"parent":0,"menu_order":0,"comment_status":"closed","ping_status":"closed","template":"","meta":[],"acf":[],"_links":{"self":[{"href":"https:\/\/uegp22-cha.infd.edu.ar\/sitio\/wp-json\/wp\/v2\/pages\/1780"}],"collection":[{"href":"https:\/\/uegp22-cha.infd.edu.ar\/sitio\/wp-json\/wp\/v2\/pages"}],"about":[{"href":"https:\/\/uegp22-cha.infd.edu.ar\/sitio\/wp-json\/wp\/v2\/types\/page"}],"author":[{"embeddable":true,"href":"https:\/\/uegp22-cha.infd.edu.ar\/sitio\/wp-json\/wp\/v2\/users\/29"}],"replies":[{"embeddable":true,"href":"https:\/\/uegp22-cha.infd.edu.ar\/sitio\/wp-json\/wp\/v2\/comments?post=1780"}],"version-history":[{"count":2,"href":"https:\/\/uegp22-cha.infd.edu.ar\/sitio\/wp-json\/wp\/v2\/pages\/1780\/revisions"}],"predecessor-version":[{"id":1784,"href":"https:\/\/uegp22-cha.infd.edu.ar\/sitio\/wp-json\/wp\/v2\/pages\/1780\/revisions\/1784"}],"wp:attachment":[{"href":"https:\/\/uegp22-cha.infd.edu.ar\/sitio\/wp-json\/wp\/v2\/media?parent=1780"}],"curies":[{"name":"wp","href":"https:\/\/api.w.org\/{rel}","templated":true}]}}