{"id":644,"date":"2025-03-11T12:00:06","date_gmt":"2025-03-11T15:00:06","guid":{"rendered":"https:\/\/uegp22-cha.infd.edu.ar\/sitio\/?page_id=644"},"modified":"2025-03-12T11:39:15","modified_gmt":"2025-03-12T14:39:15","slug":"catalogo","status":"publish","type":"page","link":"https:\/\/uegp22-cha.infd.edu.ar\/sitio\/catalogo\/","title":{"rendered":"Carreras 2025"},"content":{"rendered":"<ol>\n<li>\n<h3>PROFESORADO DE EDUCACION SUPERIOR EN CIENCIAS DE LA EDUCACION -5 A\u00d1OS-<br \/>Para mayor informaci\u00f3n, click en\u00a0\u21d2\u00a0\u00a0<a href=\"https:\/\/uegp22-cha.infd.edu.ar\/sitio\/wp-content\/uploads\/2020\/05\/RESOLUCION-05551-18-ULTIMA-CIENCIAS-DE-LA-ED..pdf\" target=\"_blank\" rel=\"noopener\">Plan de Estudios Prof. de Educ. Superior en Cs. de la Educaci\u00f3n<\/a><\/h3>\n<\/li>\n<li>\n<h3>PROFESORADO DE EDUCACION INICIAL -4 A\u00d1OS-<\/h3>\n<\/li>\n<li>\n<div>\n<h3><strong>Profesorado de Educaci\u00f3n Superior en Educaci\u00f3n Especial con orientacion en Sordos e Hipoac\u00fasicos \u2013 5 A\u00d1OS \u2013\u00a0<\/strong><\/h3>\n<\/div>\n<\/li>\n<\/ol>\n","protected":false},"excerpt":{"rendered":"<p>PROFESORADO DE EDUCACION SUPERIOR EN CIENCIAS DE LA EDUCACION -5 A\u00d1OS-Para mayor informaci\u00f3n, click en\u00a0\u21d2\u00a0\u00a0Plan de Estudios Prof. de Educ. Superior en Cs. de la Educaci\u00f3n PROFESORADO DE EDUCACION INICIAL -4 A\u00d1OS- Profesorado de Educaci\u00f3n Superior en Educaci\u00f3n Especial con orientacion en Sordos e Hipoac\u00fasicos \u2013 5 A\u00d1OS \u2013\u00a0<\/p>\n","protected":false},"author":29,"featured_media":1577,"parent":0,"menu_order":0,"comment_status":"closed","ping_status":"closed","template":"","meta":[],"acf":[],"_links":{"self":[{"href":"https:\/\/uegp22-cha.infd.edu.ar\/sitio\/wp-json\/wp\/v2\/pages\/644"}],"collection":[{"href":"https:\/\/uegp22-cha.infd.edu.ar\/sitio\/wp-json\/wp\/v2\/pages"}],"about":[{"href":"https:\/\/uegp22-cha.infd.edu.ar\/sitio\/wp-json\/wp\/v2\/types\/page"}],"author":[{"embeddable":true,"href":"https:\/\/uegp22-cha.infd.edu.ar\/sitio\/wp-json\/wp\/v2\/users\/29"}],"replies":[{"embeddable":true,"href":"https:\/\/uegp22-cha.infd.edu.ar\/sitio\/wp-json\/wp\/v2\/comments?post=644"}],"version-history":[{"count":38,"href":"https:\/\/uegp22-cha.infd.edu.ar\/sitio\/wp-json\/wp\/v2\/pages\/644\/revisions"}],"predecessor-version":[{"id":1580,"href":"https:\/\/uegp22-cha.infd.edu.ar\/sitio\/wp-json\/wp\/v2\/pages\/644\/revisions\/1580"}],"wp:featuredmedia":[{"embeddable":true,"href":"https:\/\/uegp22-cha.infd.edu.ar\/sitio\/wp-json\/wp\/v2\/media\/1577"}],"wp:attachment":[{"href":"https:\/\/uegp22-cha.infd.edu.ar\/sitio\/wp-json\/wp\/v2\/media?parent=644"}],"curies":[{"name":"wp","href":"https:\/\/api.w.org\/{rel}","templated":true}]}}