{"id":692,"date":"2018-07-25T15:09:46","date_gmt":"2018-07-25T18:09:46","guid":{"rendered":"https:\/\/uegp22-cha.infd.edu.ar\/sitio\/?page_id=692"},"modified":"2025-08-07T19:28:07","modified_gmt":"2025-08-07T22:28:07","slug":"estudiantes","status":"publish","type":"page","link":"https:\/\/uegp22-cha.infd.edu.ar\/sitio\/estudiantes\/","title":{"rendered":"Estudiantes"},"content":{"rendered":"<h2>Queridos Estudiantes:<\/h2>\n<p>Con alegr\u00eda y gratitud, les damos la m\u00e1s cordial bienvenida al inicio del segundo cuatrimestre 2025. Este recomienzo nos encuentra nuevamente reunidos, renovando nuestro compromiso con la educaci\u00f3n y con la formaci\u00f3n de futuros profesionales que llevar\u00e1n en su andar los valores y principios que aqu\u00ed cultivamos.<\/p>\n<p>Que en lo que queda del a\u00f1o puedan construir o forjar espacios de crecimiento, de desaf\u00edos y de encuentros significativos. En cada aula, en cada espacio com\u00fan, disfrutemos de este maravilloso proceso de formaci\u00f3n que cada uno de ustedes emrpendieron.<\/p>\n<h3 style=\"text-align: center;\">\u00a1SEGUIMOS APRENDIENDO JUNTOS!<\/h3>\n<p><img decoding=\"async\" loading=\"lazy\" class=\"alignnone size-medium wp-image-1707\" src=\"https:\/\/uegp22-cha.infd.edu.ar\/sitio\/wp-content\/uploads\/2025\/08\/bienvenidos-3-1-1000x500.png\" alt=\"\" width=\"1000\" height=\"500\" srcset=\"https:\/\/uegp22-cha.infd.edu.ar\/sitio\/wp-content\/uploads\/2025\/08\/bienvenidos-3-1-1000x500.png 1000w, https:\/\/uegp22-cha.infd.edu.ar\/sitio\/wp-content\/uploads\/2025\/08\/bienvenidos-3-1-1900x950.png 1900w, https:\/\/uegp22-cha.infd.edu.ar\/sitio\/wp-content\/uploads\/2025\/08\/bienvenidos-3-1-768x384.png 768w, https:\/\/uegp22-cha.infd.edu.ar\/sitio\/wp-content\/uploads\/2025\/08\/bienvenidos-3-1-1536x768.png 1536w, https:\/\/uegp22-cha.infd.edu.ar\/sitio\/wp-content\/uploads\/2025\/08\/bienvenidos-3-1-2048x1024.png 2048w\" sizes=\"(max-width: 1000px) 100vw, 1000px\" \/><\/p>\n","protected":false},"excerpt":{"rendered":"<p>Queridos Estudiantes: Con alegr\u00eda y gratitud, les damos la m\u00e1s cordial bienvenida al inicio del segundo cuatrimestre 2025. Este recomienzo nos encuentra nuevamente reunidos, renovando nuestro compromiso con la educaci\u00f3n y con la formaci\u00f3n de futuros profesionales que llevar\u00e1n en su andar los valores y principios que aqu\u00ed cultivamos. Que en lo que queda del &#8230; <a title=\"Estudiantes\" class=\"read-more\" href=\"https:\/\/uegp22-cha.infd.edu.ar\/sitio\/estudiantes\/\" aria-label=\"More on Estudiantes\">[+]<\/a><\/p>\n","protected":false},"author":6,"featured_media":0,"parent":0,"menu_order":0,"comment_status":"closed","ping_status":"closed","template":"","meta":[],"acf":[],"_links":{"self":[{"href":"https:\/\/uegp22-cha.infd.edu.ar\/sitio\/wp-json\/wp\/v2\/pages\/692"}],"collection":[{"href":"https:\/\/uegp22-cha.infd.edu.ar\/sitio\/wp-json\/wp\/v2\/pages"}],"about":[{"href":"https:\/\/uegp22-cha.infd.edu.ar\/sitio\/wp-json\/wp\/v2\/types\/page"}],"author":[{"embeddable":true,"href":"https:\/\/uegp22-cha.infd.edu.ar\/sitio\/wp-json\/wp\/v2\/users\/6"}],"replies":[{"embeddable":true,"href":"https:\/\/uegp22-cha.infd.edu.ar\/sitio\/wp-json\/wp\/v2\/comments?post=692"}],"version-history":[{"count":12,"href":"https:\/\/uegp22-cha.infd.edu.ar\/sitio\/wp-json\/wp\/v2\/pages\/692\/revisions"}],"predecessor-version":[{"id":1713,"href":"https:\/\/uegp22-cha.infd.edu.ar\/sitio\/wp-json\/wp\/v2\/pages\/692\/revisions\/1713"}],"wp:attachment":[{"href":"https:\/\/uegp22-cha.infd.edu.ar\/sitio\/wp-json\/wp\/v2\/media?parent=692"}],"curies":[{"name":"wp","href":"https:\/\/api.w.org\/{rel}","templated":true}]}}