{"id":730,"date":"2018-07-26T10:40:07","date_gmt":"2018-07-26T13:40:07","guid":{"rendered":"https:\/\/uegp22-cha.infd.edu.ar\/sitio\/?page_id=730"},"modified":"2026-02-23T10:54:41","modified_gmt":"2026-02-23T13:54:41","slug":"ingresantes","status":"publish","type":"page","link":"https:\/\/uegp22-cha.infd.edu.ar\/sitio\/estudiantes\/ingresantes\/","title":{"rendered":"Requisitos para Inscripci\u00f3n Ciclo Lectivo 2026"},"content":{"rendered":"<p style=\"font-weight: 400;\">Estimados estudiantes nos dirigimos por este medio, a fin de comunicarles que se encuentra abierto el periodo de inscripci\u00f3n a las siguientes carreras:<\/p>\n<ul>\n<li><strong><span class=\"a_GcMg font-feature-liga-off font-feature-clig-off font-feature-calt-off text-decoration-none text-strikethrough-none\">Profesorado de Educaci\u00f3n Secundaria en Tecnolog\u00edas de la Informaci\u00f3n y la Comunicaci\u00f3n.<\/span><\/strong><\/li>\n<li><strong>Profesorado de Educaci\u00f3n Inicial.<\/strong><\/li>\n<li><strong><span class=\"OYPEnA font-feature-liga-off font-feature-clig-off font-feature-calt-off text-decoration-none text-strikethrough-none\">Profesorado de Educaci\u00f3n Superior en Educaci\u00f3n Especial con orientacion en Sordos e Hipoac\u00fasicos.<\/span><\/strong><\/li>\n<\/ul>\n<h2><strong>\u21d2 Inscripci\u00f3n en el 2026: $30.000 &#8211; Cuota: $25.000<\/strong><\/h2>\n<div><u><b>Inicio de Inscripciones y recepci\u00f3n de documentaci\u00f3n:\u00a025\/02\/2026<\/b><\/u><\/div>\n<div><b><u>Fecha de finalizaci\u00f3n de Inscripciones:\u00a012\/03\/2026<\/u><\/b><\/div>\n<div><b><u>Inicio del cursillo proped\u00e9utico:\u00a016\/03\/2026\u00a0<\/u><\/b><\/div>\n<div><\/div>\n<p style=\"font-weight: 400;\">Les solicitamos que se acerquen a la instituci\u00f3n U.E.G.P. N\u00b022 \u201cNuestra Se\u00f1ora de F\u00e1tima\u201d \u2013 Calle Mendoza 851 \u2013 Quitilipi, Chaco;\u00a0<strong>para entregar los siguientes requisitos\/documentaci\u00f3n de inscripci\u00f3n:<\/strong><\/p>\n<div>\u00a0<b><u>Para completar la inscripci\u00f3n, ser\u00e1 necesario presentar la siguiente documentaci\u00f3n:<\/u><\/b><br \/>\n&#8211; Fotocopia de DNI (primera y segunda hoja), autenticada por escribano\/a o juez\/a (actualizado).<br \/>\n&#8211; Fotocopia de Acta de Nacimiento autenticada por escribano\/a o juez\/a.<br \/>\n&#8211; Fotocopia debidamente autenticada del T\u00edtulo de Estudios de Nivel Secundario obtenido.<br \/>\n&#8211; En caso de no poseerlo, presentar original de Constancia de finalizaci\u00f3n de estudios de Nivel Secundario actualizada.<br \/>\n&#8211; Certificado de domicilio actualizado.<br \/>\n&#8211; Certificado de buena conducta.<br \/>\n&#8211; Fotocopia de C.U.I.L (solo para DNI sin CUIL).<br \/>\n&#8211; Fotocopia del Grupo Sangu\u00edneo.<br \/>\n&#8211; Ficha m\u00e9dica certificada por autoridad m\u00e9dica de Salud P\u00fablica.<br \/>\n&#8211; La autoridad educativa podr\u00e1 requerir, en caso de ser necesario, actualizaci\u00f3n de ficha de aptitud psicof\u00edsica.<br \/>\n&#8211; Contrato Pedag\u00f3gico debidamente rubricado.<br \/>\n&#8211; En caso de alumnos menores de 18 a\u00f1os, deber\u00e1 ser rubricado por tutores\/padres\/responsables.<br \/>\n&#8211; Una carpeta legajo.<\/div>\n<p style=\"font-weight: 400;\">En caso de necesitar alguna informaci\u00f3n adicional, por favor comunicarse con esta cuenta de correo electr\u00f3nico:<\/p>\n<p style=\"font-weight: 400;\">U.E.G.P. N\u00b022 \u201cNuestra Se\u00f1ora de F\u00e1tima\u201d \u2013 Instituto de Educaci\u00f3n Superior.<\/p>\n<p style=\"font-weight: 400;\">Quitilipi-Chaco.<\/p>\n","protected":false},"excerpt":{"rendered":"<p>Estimados estudiantes nos dirigimos por este medio, a fin de comunicarles que se encuentra abierto el periodo de inscripci\u00f3n a las siguientes carreras: Profesorado de Educaci\u00f3n Secundaria en Tecnolog\u00edas de la Informaci\u00f3n y la Comunicaci\u00f3n. Profesorado de Educaci\u00f3n Inicial. Profesorado de Educaci\u00f3n Superior en Educaci\u00f3n Especial con orientacion en Sordos e Hipoac\u00fasicos. \u21d2 Inscripci\u00f3n en &#8230; <a title=\"Requisitos para Inscripci\u00f3n Ciclo Lectivo 2026\" class=\"read-more\" href=\"https:\/\/uegp22-cha.infd.edu.ar\/sitio\/estudiantes\/ingresantes\/\" aria-label=\"More on Requisitos para Inscripci\u00f3n Ciclo Lectivo 2026\">[+]<\/a><\/p>\n","protected":false},"author":6,"featured_media":0,"parent":692,"menu_order":0,"comment_status":"closed","ping_status":"closed","template":"","meta":[],"acf":[],"_links":{"self":[{"href":"https:\/\/uegp22-cha.infd.edu.ar\/sitio\/wp-json\/wp\/v2\/pages\/730"}],"collection":[{"href":"https:\/\/uegp22-cha.infd.edu.ar\/sitio\/wp-json\/wp\/v2\/pages"}],"about":[{"href":"https:\/\/uegp22-cha.infd.edu.ar\/sitio\/wp-json\/wp\/v2\/types\/page"}],"author":[{"embeddable":true,"href":"https:\/\/uegp22-cha.infd.edu.ar\/sitio\/wp-json\/wp\/v2\/users\/6"}],"replies":[{"embeddable":true,"href":"https:\/\/uegp22-cha.infd.edu.ar\/sitio\/wp-json\/wp\/v2\/comments?post=730"}],"version-history":[{"count":34,"href":"https:\/\/uegp22-cha.infd.edu.ar\/sitio\/wp-json\/wp\/v2\/pages\/730\/revisions"}],"predecessor-version":[{"id":1761,"href":"https:\/\/uegp22-cha.infd.edu.ar\/sitio\/wp-json\/wp\/v2\/pages\/730\/revisions\/1761"}],"up":[{"embeddable":true,"href":"https:\/\/uegp22-cha.infd.edu.ar\/sitio\/wp-json\/wp\/v2\/pages\/692"}],"wp:attachment":[{"href":"https:\/\/uegp22-cha.infd.edu.ar\/sitio\/wp-json\/wp\/v2\/media?parent=730"}],"curies":[{"name":"wp","href":"https:\/\/api.w.org\/{rel}","templated":true}]}}