{"id":866,"date":"2020-05-22T22:18:13","date_gmt":"2020-05-23T01:18:13","guid":{"rendered":"https:\/\/uegp22-cha.infd.edu.ar\/sitio\/?page_id=866"},"modified":"2020-05-22T22:40:32","modified_gmt":"2020-05-23T01:40:32","slug":"plan-de-estudio-pei","status":"publish","type":"page","link":"https:\/\/uegp22-cha.infd.edu.ar\/sitio\/plan-de-estudio-pei\/","title":{"rendered":"Profesorado para la Educaci\u00f3n Inicial"},"content":{"rendered":"<p><strong>Profesorado para la Educaci\u00f3n Inicial<\/strong><\/p>\n<p>Plan de Estudio<\/p>\n<p><strong>Acerca de la carrera:<br \/>\n<\/strong>Desde su apertura en el a\u00f1o 2016 a la fecha los estudiantes del Profesorado para la Educaci\u00f3n Inicial vienen desarrollando una serie de experiencias de intervenci\u00f3n en \u00e1mbitos formales y no formales del nivel, adquiriendo un manejo del quehacer docente dentro del espacio pr\u00e1ctico. Actualmente, el Instituto solo tiene vigente el 3er y 4to a\u00f1o de la mencionada carrera.<\/p>\n<p><strong>Plan de estudios:\u00a0<a href=\"https:\/\/uegp22-cha.infd.edu.ar\/sitio\/wp-content\/uploads\/2020\/05\/RESOLUCION-07595-14.pdf\">RESOLUCION-07595-14<\/a><\/strong><\/p>\n<p><strong>Perfil del Egresado:<\/strong><\/p>\n<p>Formar profesionales docentes, comprometidos con la realidad provincial y nacional en el contexto Latinoamericano, capaces de ense\u00f1ar, generar y transmitir conocimientos y valores para la formaci\u00f3n integral del ciudadano para la construcci\u00f3n de una sociedad m\u00e1s justa, requiere la generaci\u00f3n de una identidad basada en la autonom\u00eda profesional, el v\u00ednculo con la cultura y la sociedad contempor\u00e1nea, el trabajo en equipo, el compromiso con la igualdad y la confianza en las posibilidades de aprendizaje del estudiante.<\/p>\n<p>Un educador en Educaci\u00f3n Inicial debe reunir conocimientos, capacidades, actitudes y competencias para el desempe\u00f1o de su rol profesional, que se traducen en:<\/p>\n<ul>\n<li>Fundamentar te\u00f3ricamente su desempe\u00f1o y pr\u00e1ctica profesional, reflexionando y delimitando tem\u00e1ticas que aporten soluciones a los diversos problemas educativos asumiendo la dimensi\u00f3n pol\u00edtica de la pr\u00e1ctica docente como parte de un proyecto de pa\u00eds.<\/li>\n<li>Conducir procesos de aprendizajes grupales e individuales a partir del reconocimiento del sentido educativo de los contenidos a ense\u00f1ar en el nivel inicial.<\/li>\n<li>Comprender al sujeto de la educaci\u00f3n inicial, a quien va dirigida la ense\u00f1anza, en sus dimensiones subjetivas, psicol\u00f3gicas, cognitivas, afectivas y socioculturales.<br \/>\n<strong>(ver m\u00e1s en Res. plan de Estudios)<\/strong><\/li>\n<\/ul>\n","protected":false},"excerpt":{"rendered":"<p>Profesorado para la Educaci\u00f3n Inicial Plan de Estudio Acerca de la carrera: Desde su apertura en el a\u00f1o 2016 a la fecha los estudiantes del Profesorado para la Educaci\u00f3n Inicial vienen desarrollando una serie de experiencias de intervenci\u00f3n en \u00e1mbitos formales y no formales del nivel, adquiriendo un manejo del quehacer docente dentro del espacio &#8230; <a title=\"Profesorado para la Educaci\u00f3n Inicial\" class=\"read-more\" href=\"https:\/\/uegp22-cha.infd.edu.ar\/sitio\/plan-de-estudio-pei\/\" aria-label=\"More on Profesorado para la Educaci\u00f3n Inicial\">[+]<\/a><\/p>\n","protected":false},"author":11,"featured_media":0,"parent":0,"menu_order":0,"comment_status":"closed","ping_status":"closed","template":"","meta":[],"acf":[],"_links":{"self":[{"href":"https:\/\/uegp22-cha.infd.edu.ar\/sitio\/wp-json\/wp\/v2\/pages\/866"}],"collection":[{"href":"https:\/\/uegp22-cha.infd.edu.ar\/sitio\/wp-json\/wp\/v2\/pages"}],"about":[{"href":"https:\/\/uegp22-cha.infd.edu.ar\/sitio\/wp-json\/wp\/v2\/types\/page"}],"author":[{"embeddable":true,"href":"https:\/\/uegp22-cha.infd.edu.ar\/sitio\/wp-json\/wp\/v2\/users\/11"}],"replies":[{"embeddable":true,"href":"https:\/\/uegp22-cha.infd.edu.ar\/sitio\/wp-json\/wp\/v2\/comments?post=866"}],"version-history":[{"count":2,"href":"https:\/\/uegp22-cha.infd.edu.ar\/sitio\/wp-json\/wp\/v2\/pages\/866\/revisions"}],"predecessor-version":[{"id":874,"href":"https:\/\/uegp22-cha.infd.edu.ar\/sitio\/wp-json\/wp\/v2\/pages\/866\/revisions\/874"}],"wp:attachment":[{"href":"https:\/\/uegp22-cha.infd.edu.ar\/sitio\/wp-json\/wp\/v2\/media?parent=866"}],"curies":[{"name":"wp","href":"https:\/\/api.w.org\/{rel}","templated":true}]}}