{"id":869,"date":"2020-05-22T22:21:54","date_gmt":"2020-05-23T01:21:54","guid":{"rendered":"https:\/\/uegp22-cha.infd.edu.ar\/sitio\/?page_id=869"},"modified":"2020-05-22T22:41:20","modified_gmt":"2020-05-23T01:41:20","slug":"plan-de-estudio-pesce","status":"publish","type":"page","link":"https:\/\/uegp22-cha.infd.edu.ar\/sitio\/plan-de-estudio-pesce\/","title":{"rendered":"Profesorado de Educaci\u00f3n Superior en Ciencias de la Educaci\u00f3n"},"content":{"rendered":"<p>Plan de Estudio PESCE<\/p>\n<p><strong>Profesorado de Educaci\u00f3n Superior en Ciencias de la Educaci\u00f3n<\/strong><\/p>\n<p><strong>Acerca de la carrera:<\/strong><br \/>\nEl Profesorado de Educaci\u00f3n Superior en Ciencias de la Educaci\u00f3n, es la carrera que ha dado origen al nivel en el a\u00f1o 2016, desde su creaci\u00f3n\u00a0 la fecha han sido tres cohortes las que se han habilitado en el Instituto, cada una con su respectivo plan de Estudios.<\/p>\n<p><strong>Plan de estudios<\/strong><\/p>\n<p>Prof. Ciencias de la Ed. Plan Anterior<br \/>\n<a href=\"https:\/\/uegp22-cha.infd.edu.ar\/sitio\/wp-content\/uploads\/2020\/05\/resoluci%C3%B3n-04828-17-Cs.-de-la-Ed-Plan-Viejo-.pdf\">resoluci\u00f3n-04828-17 Cs. de la Ed -Plan Viejo-<\/a><\/p>\n<p><strong>Prof Ciencias de la Ed. Plan Nuevo<br \/>\n<a href=\"https:\/\/uegp22-cha.infd.edu.ar\/sitio\/wp-content\/uploads\/2020\/05\/RESOLUCION-05551-18-ULTIMA-CIENCIAS-DE-LA-ED..pdf\">RESOLUCION-05551-18 ULTIMA CIENCIAS DE LA ED.<\/a><\/strong><\/p>\n<p><strong>\u00a0<\/strong><strong>Perfil del Egresado:<\/strong><\/p>\n<p>La formaci\u00f3n docente tiene como uno de sus ejes la capacitaci\u00f3n permanente para realizar una intervenci\u00f3n adecuada a la compleja realidad educativa. Por ello se tiene como finalidad un perfil profesional del \/la egresado\/a del Profesorado de Educaci\u00f3n Superior en Ciencias de la Educaci\u00f3n, que pueda desempe\u00f1arse con profesionalismo, en todas las \u00e1reas de su incumbencia e intervenir sobre ellas: instituciones educativas de los distintos niveles, especialmente en los Niveles Secundario y Superior, del Sistema Educativo Formal y No Formal, en todas sus formas de organizaci\u00f3n y denominaci\u00f3n, en el \u00e1mbito estatal y privado. El\/la Profesor\/a de Educaci\u00f3n Superior en Ciencias de la Educaci\u00f3n estar\u00e1 capacitado para:<\/p>\n<ul>\n<li>Investigar, analizar y validar resultados de los diferentes sistemas educativos.<\/li>\n<li>Analizar, producir y evaluar dise\u00f1os curriculares de todos los niveles, tanto de la ense\u00f1anza formal como no formal.<\/li>\n<li>Intervenir en tareas de gesti\u00f3n pedag\u00f3gica, asesoramiento, coordinaci\u00f3n y evaluaci\u00f3n acad\u00e9mica en diferentes instituciones educativas (p\u00fablicas o privadas) de todos los niveles.<\/li>\n<li>Planificar, conducir y evaluar carreras, curr\u00edculos y circuitos de formaci\u00f3n, perfeccionamiento, investigaci\u00f3n, actualizaci\u00f3n y especializaci\u00f3n en todos los niveles educativos, tanto en el pa\u00eds como en el exterior.<\/li>\n<li>Vincular el an\u00e1lisis de las realidades nacional y provincial con las pol\u00edticas p\u00fablicas vigentes para la ampliaci\u00f3n del acceso educativo.<\/li>\n<li>Gestionar y conducir grupos interdisciplinarios de diversa \u00edndole que requieran de una perspectiva pedag\u00f3gico-did\u00e1ctica actualizada que ofrezca alternativas innovadoras para la difusi\u00f3n educativa de resultados.<\/li>\n<li>Dise\u00f1ar, asesorar y evaluar estrategias para el mejoramiento de la calidad educativa a nivel macro y micro educativo en todos los niveles seg\u00fan las normativas vigentes y\/u otras que se implementen a futuro.<br \/>\n<strong>(ver m\u00e1s en Res. plan de Estudios)<\/strong><\/li>\n<\/ul>\n","protected":false},"excerpt":{"rendered":"<p>Plan de Estudio PESCE Profesorado de Educaci\u00f3n Superior en Ciencias de la Educaci\u00f3n Acerca de la carrera: El Profesorado de Educaci\u00f3n Superior en Ciencias de la Educaci\u00f3n, es la carrera que ha dado origen al nivel en el a\u00f1o 2016, desde su creaci\u00f3n\u00a0 la fecha han sido tres cohortes las que se han habilitado en &#8230; <a title=\"Profesorado de Educaci\u00f3n Superior en Ciencias de la Educaci\u00f3n\" class=\"read-more\" href=\"https:\/\/uegp22-cha.infd.edu.ar\/sitio\/plan-de-estudio-pesce\/\" aria-label=\"More on Profesorado de Educaci\u00f3n Superior en Ciencias de la Educaci\u00f3n\">[+]<\/a><\/p>\n","protected":false},"author":11,"featured_media":0,"parent":0,"menu_order":0,"comment_status":"closed","ping_status":"closed","template":"","meta":[],"acf":[],"_links":{"self":[{"href":"https:\/\/uegp22-cha.infd.edu.ar\/sitio\/wp-json\/wp\/v2\/pages\/869"}],"collection":[{"href":"https:\/\/uegp22-cha.infd.edu.ar\/sitio\/wp-json\/wp\/v2\/pages"}],"about":[{"href":"https:\/\/uegp22-cha.infd.edu.ar\/sitio\/wp-json\/wp\/v2\/types\/page"}],"author":[{"embeddable":true,"href":"https:\/\/uegp22-cha.infd.edu.ar\/sitio\/wp-json\/wp\/v2\/users\/11"}],"replies":[{"embeddable":true,"href":"https:\/\/uegp22-cha.infd.edu.ar\/sitio\/wp-json\/wp\/v2\/comments?post=869"}],"version-history":[{"count":2,"href":"https:\/\/uegp22-cha.infd.edu.ar\/sitio\/wp-json\/wp\/v2\/pages\/869\/revisions"}],"predecessor-version":[{"id":875,"href":"https:\/\/uegp22-cha.infd.edu.ar\/sitio\/wp-json\/wp\/v2\/pages\/869\/revisions\/875"}],"wp:attachment":[{"href":"https:\/\/uegp22-cha.infd.edu.ar\/sitio\/wp-json\/wp\/v2\/media?parent=869"}],"curies":[{"name":"wp","href":"https:\/\/api.w.org\/{rel}","templated":true}]}}