{"id":885,"date":"2020-05-30T13:26:13","date_gmt":"2020-05-30T16:26:13","guid":{"rendered":"https:\/\/uegp22-cha.infd.edu.ar\/sitio\/?page_id=885"},"modified":"2025-04-14T21:48:29","modified_gmt":"2025-04-15T00:48:29","slug":"re-inscripciones","status":"publish","type":"page","link":"https:\/\/uegp22-cha.infd.edu.ar\/sitio\/re-inscripciones\/","title":{"rendered":"Re-Admisiones"},"content":{"rendered":"<h5><\/h5>\n<h5>ESTUDIANTE REGULAR<br \/>\n&#8211; Se considera estudiante regular de una carrera, a quien haya aprobado un m\u00ednimo de dos unidades curriculares por a\u00f1o calendario. Durante el primer ciclo lectivo de ingreso del estudiante, ser\u00e1 considerado alumno regular quienes se encuentren cursando al menos dos unidades curriculares en cualquiera de las modalidades de cursado que requiera asistencia.<\/h5>\n<h5>DE LA READMISI\u00d3N<br \/>\n&#8211; Los alumnos que hayan perdido la condici\u00f3n de alumno regular, deber\u00e1n solicitar readmisi\u00f3n. Cada Instituci\u00f3n determinar\u00e1: la cantidad de readmisiones posibles.<\/h5>\n<h5>La readmisi\u00f3n se realizar\u00e1 a travez del siguiente formulario:<\/h5>\n<h5><\/h5>\n","protected":false},"excerpt":{"rendered":"<p>ESTUDIANTE REGULAR &#8211; Se considera estudiante regular de una carrera, a quien haya aprobado un m\u00ednimo de dos unidades curriculares por a\u00f1o calendario. Durante el primer ciclo lectivo de ingreso del estudiante, ser\u00e1 considerado alumno regular quienes se encuentren cursando al menos dos unidades curriculares en cualquiera de las modalidades de cursado que requiera asistencia. &#8230; <a title=\"Re-Admisiones\" class=\"read-more\" href=\"https:\/\/uegp22-cha.infd.edu.ar\/sitio\/re-inscripciones\/\" aria-label=\"More on Re-Admisiones\">[+]<\/a><\/p>\n","protected":false},"author":11,"featured_media":0,"parent":0,"menu_order":0,"comment_status":"closed","ping_status":"closed","template":"","meta":[],"acf":[],"_links":{"self":[{"href":"https:\/\/uegp22-cha.infd.edu.ar\/sitio\/wp-json\/wp\/v2\/pages\/885"}],"collection":[{"href":"https:\/\/uegp22-cha.infd.edu.ar\/sitio\/wp-json\/wp\/v2\/pages"}],"about":[{"href":"https:\/\/uegp22-cha.infd.edu.ar\/sitio\/wp-json\/wp\/v2\/types\/page"}],"author":[{"embeddable":true,"href":"https:\/\/uegp22-cha.infd.edu.ar\/sitio\/wp-json\/wp\/v2\/users\/11"}],"replies":[{"embeddable":true,"href":"https:\/\/uegp22-cha.infd.edu.ar\/sitio\/wp-json\/wp\/v2\/comments?post=885"}],"version-history":[{"count":8,"href":"https:\/\/uegp22-cha.infd.edu.ar\/sitio\/wp-json\/wp\/v2\/pages\/885\/revisions"}],"predecessor-version":[{"id":1616,"href":"https:\/\/uegp22-cha.infd.edu.ar\/sitio\/wp-json\/wp\/v2\/pages\/885\/revisions\/1616"}],"wp:attachment":[{"href":"https:\/\/uegp22-cha.infd.edu.ar\/sitio\/wp-json\/wp\/v2\/media?parent=885"}],"curies":[{"name":"wp","href":"https:\/\/api.w.org\/{rel}","templated":true}]}}